{"id":4918,"date":"2023-06-16T16:02:03","date_gmt":"2023-06-16T15:02:03","guid":{"rendered":"http:\/\/the7hotel.com\/mapa-do-site\/"},"modified":"2024-07-17T11:48:48","modified_gmt":"2024-07-17T10:48:48","slug":"mapa-do-site","status":"publish","type":"page","link":"https:\/\/the7hotel.com\/pt-pt\/mapa-do-site\/","title":{"rendered":"Mapa do Site"},"content":{"rendered":"\t\t<div data-elementor-type=\"wp-page\" data-elementor-id=\"4918\" class=\"elementor elementor-4918 elementor-4900\" data-elementor-post-type=\"page\">\n\t\t\t\t\t\t<section class=\"elementor-section elementor-top-section elementor-element elementor-element-dd58204 elementor-section-full_width elementor-section-height-min-height elementor-section-height-default elementor-section-items-middle\" data-id=\"dd58204\" data-element_type=\"section\" data-e-type=\"section\" data-settings=\"{&quot;background_background&quot;:&quot;classic&quot;}\">\n\t\t\t\t\t\t\t<div class=\"elementor-background-overlay\"><\/div>\n\t\t\t\t\t\t\t<div class=\"elementor-container elementor-column-gap-default\">\n\t\t\t\t\t<div class=\"elementor-column elementor-col-100 elementor-top-column elementor-element elementor-element-d32bb74\" data-id=\"d32bb74\" data-element_type=\"column\" data-e-type=\"column\">\n\t\t\t<div class=\"elementor-widget-wrap elementor-element-populated\">\n\t\t\t\t\t\t<div class=\"elementor-element elementor-element-2e6e7c4 elementor-absolute elementor-widget elementor-widget-heading\" data-id=\"2e6e7c4\" data-element_type=\"widget\" data-e-type=\"widget\" data-settings=\"{&quot;_position&quot;:&quot;absolute&quot;}\" data-widget_type=\"heading.default\">\n\t\t\t\t<div class=\"elementor-widget-container\">\n\t\t\t\t\t<h1 class=\"elementor-heading-title elementor-size-default\">Mapa do Site<\/h1>\t\t\t\t<\/div>\n\t\t\t\t<\/div>\n\t\t\t\t\t<\/div>\n\t\t<\/div>\n\t\t\t\t\t<\/div>\n\t\t<\/section>\n\t\t<div class=\"elementor-element elementor-element-472d87b e-flex e-con-boxed e-con e-parent\" data-id=\"472d87b\" data-element_type=\"container\" data-e-type=\"container\">\n\t\t\t\t\t<div class=\"e-con-inner\">\n\t\t\t\t<div class=\"elementor-element elementor-element-0da4327 elementor-widget elementor-widget-sitemap\" data-id=\"0da4327\" data-element_type=\"widget\" data-e-type=\"widget\" data-widget_type=\"sitemap.default\">\n\t\t\t\t<div class=\"elementor-widget-container\">\n\t\t\t\t\t<div class=\"elementor-sitemap-wrap\"><div class=\"elementor-sitemap-section\"><h2 class=\"elementor-sitemap-title elementor-sitemap-page-title\">Pages<\/h2><ul class=\"elementor-sitemap-list elementor-sitemap-page-list\"><li class=\"elementor-sitemap-item elementor-sitemap-item-page page_item page-item-3740 menu-item\"><a href=\"https:\/\/the7hotel.com\/pt-pt\/\" class=\"elementor-sitemap-item elementor-sitemap-item-page menu-link\">Home<\/a><\/li><li class=\"elementor-sitemap-item elementor-sitemap-item-page page_item page-item-4161 menu-item\"><a href=\"https:\/\/the7hotel.com\/pt-pt\/quem-somos\/\" class=\"elementor-sitemap-item elementor-sitemap-item-page menu-link\">Quem Somos<\/a><\/li><li class=\"elementor-sitemap-item elementor-sitemap-item-page page_item page-item-4214 menu-item\"><a href=\"https:\/\/the7hotel.com\/pt-pt\/historia-do-edificio\/\" class=\"elementor-sitemap-item elementor-sitemap-item-page menu-link\">Hist\u00f3ria do Edif\u00edcio<\/a><\/li><li class=\"elementor-sitemap-item elementor-sitemap-item-page page_item page-item-4212 menu-item\"><a href=\"https:\/\/the7hotel.com\/pt-pt\/galeria\/\" class=\"elementor-sitemap-item elementor-sitemap-item-page menu-link\">Galeria<\/a><\/li><li class=\"elementor-sitemap-item elementor-sitemap-item-page page_item page-item-4641 menu-item\"><a href=\"https:\/\/the7hotel.com\/pt-pt\/packs-the-7-hotel\/\" class=\"elementor-sitemap-item elementor-sitemap-item-page menu-link\">Experi\u00eancias<\/a><\/li><li class=\"elementor-sitemap-item elementor-sitemap-item-page page_item page-item-4182 menu-item\"><a href=\"https:\/\/the7hotel.com\/pt-pt\/servicos\/\" class=\"elementor-sitemap-item elementor-sitemap-item-page menu-link\">Servi\u00e7os<\/a><\/li><li class=\"elementor-sitemap-item elementor-sitemap-item-page page_item page-item-4187 menu-item\"><a href=\"https:\/\/the7hotel.com\/pt-pt\/faqs\/\" class=\"elementor-sitemap-item elementor-sitemap-item-page menu-link\">FAQ&#8217;s<\/a><\/li><li class=\"elementor-sitemap-item elementor-sitemap-item-page page_item page-item-4159 menu-item\"><a href=\"https:\/\/the7hotel.com\/pt-pt\/7-sensacoes\/\" class=\"elementor-sitemap-item elementor-sitemap-item-page menu-link\">7 Sensa\u00e7\u00f5es<\/a><\/li><li class=\"elementor-sitemap-item elementor-sitemap-item-page page_item page-item-4265 menu-item\"><a href=\"https:\/\/the7hotel.com\/pt-pt\/descobrir-lisboa-a-pe\/\" class=\"elementor-sitemap-item elementor-sitemap-item-page menu-link\">Descobrir Lisboa a P\u00e9<\/a><\/li><li class=\"elementor-sitemap-item elementor-sitemap-item-page page_item page-item-4263 menu-item\"><a href=\"https:\/\/the7hotel.com\/pt-pt\/aqui-perto\/\" class=\"elementor-sitemap-item elementor-sitemap-item-page menu-link\">Aqui Perto<\/a><\/li><li class=\"elementor-sitemap-item elementor-sitemap-item-page page_item page-item-4163 menu-item\"><a href=\"https:\/\/the7hotel.com\/pt-pt\/blog\/\" class=\"elementor-sitemap-item elementor-sitemap-item-page menu-link\">Blog<\/a><\/li><li class=\"elementor-sitemap-item elementor-sitemap-item-page page_item page-item-4208 menu-item\"><a href=\"https:\/\/the7hotel.com\/pt-pt\/reunioes-e-eventos\/\" class=\"elementor-sitemap-item elementor-sitemap-item-page menu-link\">Reuni\u00f5es e Eventos<\/a><\/li><li class=\"elementor-sitemap-item elementor-sitemap-item-page page_item page-item-4217 menu-item\"><a href=\"https:\/\/the7hotel.com\/pt-pt\/localizacao\/\" class=\"elementor-sitemap-item elementor-sitemap-item-page menu-link\">Localiza\u00e7\u00e3o<\/a><\/li><li class=\"elementor-sitemap-item elementor-sitemap-item-page page_item page-item-4229 menu-item\"><a href=\"https:\/\/the7hotel.com\/pt-pt\/review\/\" class=\"elementor-sitemap-item elementor-sitemap-item-page menu-link\">Questin\u00e1rio de Satisfa\u00e7\u00e3o<\/a><\/li><li class=\"elementor-sitemap-item elementor-sitemap-item-page page_item page-item-4331 menu-item\"><a href=\"https:\/\/the7hotel.com\/pt-pt\/politica-de-privacidade-e-dados-pessoais\/\" class=\"elementor-sitemap-item elementor-sitemap-item-page menu-link\">Pol\u00edtica de Privacidade e Dados Pessoais<\/a><\/li><li class=\"elementor-sitemap-item elementor-sitemap-item-page page_item page-item-4382 menu-item\"><a href=\"https:\/\/the7hotel.com\/pt-pt\/projecto-adaptar-pme\/\" class=\"elementor-sitemap-item elementor-sitemap-item-page menu-link\">Projecto Adaptar PME<\/a><\/li><li class=\"elementor-sitemap-item elementor-sitemap-item-page page_item page-item-5415 menu-item\"><a href=\"https:\/\/the7hotel.com\/pt-pt\/resolucao-alternativa-de-litigios-the-7-hotel\/\" class=\"elementor-sitemap-item elementor-sitemap-item-page menu-link\">Resolu\u00e7\u00e3o Alternativa de Lit\u00edgios<\/a><\/li><li class=\"elementor-sitemap-item elementor-sitemap-item-page page_item page-item-4165 menu-item\"><a href=\"https:\/\/the7hotel.com\/pt-pt\/covid19\/\" class=\"elementor-sitemap-item elementor-sitemap-item-page menu-link\">Covid19<\/a><\/li><li class=\"elementor-sitemap-item elementor-sitemap-item-page page_item page-item-4918 menu-item\"><a href=\"https:\/\/the7hotel.com\/pt-pt\/mapa-do-site\/\" class=\"elementor-sitemap-item elementor-sitemap-item-page menu-link\">Mapa do Site<\/a><\/li><\/ul><\/div><div class=\"elementor-sitemap-section\"><h2 class=\"elementor-sitemap-title elementor-sitemap-room-title\">Rooms<\/h2><ul class=\"elementor-sitemap-list elementor-sitemap-room-list\"><li class=\"elementor-sitemap-item elementor-sitemap-item-room page_item page-item-3855 menu-item\"><a href=\"https:\/\/the7hotel.com\/pt-pt\/room\/quarto-duplo-cidade\/\" class=\"elementor-sitemap-item elementor-sitemap-item-room menu-link\">Quarto Duplo Cidade<\/a><\/li><li class=\"elementor-sitemap-item elementor-sitemap-item-room page_item page-item-5925 menu-item\"><a href=\"https:\/\/the7hotel.com\/pt-pt\/room\/estudio-superior\/\" class=\"elementor-sitemap-item elementor-sitemap-item-room menu-link\">Est\u00fadio Superior<\/a><\/li><li class=\"elementor-sitemap-item elementor-sitemap-item-room page_item page-item-5759 menu-item\"><a href=\"https:\/\/the7hotel.com\/pt-pt\/room\/quarto-superior\/\" class=\"elementor-sitemap-item elementor-sitemap-item-room menu-link\">Quarto Superior<\/a><\/li><li class=\"elementor-sitemap-item elementor-sitemap-item-room page_item page-item-3718 menu-item\"><a href=\"https:\/\/the7hotel.com\/pt-pt\/room\/suite-familiar\/\" class=\"elementor-sitemap-item elementor-sitemap-item-room menu-link\">Suite Familiar<\/a><\/li><li class=\"elementor-sitemap-item elementor-sitemap-item-room page_item page-item-4283 menu-item\"><a href=\"https:\/\/the7hotel.com\/pt-pt\/room\/estudio\/\" class=\"elementor-sitemap-item elementor-sitemap-item-room menu-link\">Estudio<\/a><\/li><li class=\"elementor-sitemap-item elementor-sitemap-item-room page_item page-item-4285 menu-item\"><a href=\"https:\/\/the7hotel.com\/pt-pt\/room\/junior-suite-interior-c-deck\/\" class=\"elementor-sitemap-item elementor-sitemap-item-room menu-link\">J\u00fanior Suite interior c\/ DECK<\/a><\/li><li class=\"elementor-sitemap-item elementor-sitemap-item-room page_item page-item-4287 menu-item\"><a href=\"https:\/\/the7hotel.com\/pt-pt\/room\/suite-executiva-cidade-2\/\" class=\"elementor-sitemap-item elementor-sitemap-item-room menu-link\">Suite Executiva Cidade<\/a><\/li><li class=\"elementor-sitemap-item elementor-sitemap-item-room page_item page-item-4289 menu-item\"><a href=\"https:\/\/the7hotel.com\/pt-pt\/room\/suite-executiva-interior-c-deck\/\" class=\"elementor-sitemap-item elementor-sitemap-item-room menu-link\">Suite Executiva interior c\/ DECK<\/a><\/li><li class=\"elementor-sitemap-item elementor-sitemap-item-room page_item page-item-4293 menu-item\"><a href=\"https:\/\/the7hotel.com\/pt-pt\/room\/quarto-familiar-comunicante\/\" class=\"elementor-sitemap-item elementor-sitemap-item-room menu-link\">Quarto Familiar (comunicante)<\/a><\/li><li class=\"elementor-sitemap-item elementor-sitemap-item-room page_item page-item-4297 menu-item\"><a href=\"https:\/\/the7hotel.com\/pt-pt\/room\/quarto-duplo-interior\/\" class=\"elementor-sitemap-item elementor-sitemap-item-room menu-link\">Quarto Duplo Interior<\/a><\/li><li class=\"elementor-sitemap-item elementor-sitemap-item-room page_item page-item-4299 menu-item\"><a href=\"https:\/\/the7hotel.com\/pt-pt\/room\/quarto-twin-interior\/\" class=\"elementor-sitemap-item elementor-sitemap-item-room menu-link\">Quarto Twin Interior<\/a><\/li><li class=\"elementor-sitemap-item elementor-sitemap-item-room page_item page-item-4301 menu-item\"><a href=\"https:\/\/the7hotel.com\/pt-pt\/room\/quarto-twin-cidade\/\" class=\"elementor-sitemap-item elementor-sitemap-item-room menu-link\">Quarto Twin Cidade<\/a><\/li><li class=\"elementor-sitemap-item elementor-sitemap-item-room page_item page-item-6123 menu-item\"><a href=\"https:\/\/the7hotel.com\/pt-pt\/room\/quarto-pequeno-tecto-inclinado\/\" class=\"elementor-sitemap-item elementor-sitemap-item-room menu-link\">Quarto Pequeno- Tecto Inclinado<\/a><\/li><\/ul><\/div><div class=\"elementor-sitemap-section\"><h2 class=\"elementor-sitemap-title elementor-sitemap-post-title\">Blog Articles<\/h2><ul class=\"elementor-sitemap-list elementor-sitemap-post-list\"><li class=\"elementor-sitemap-item elementor-sitemap-item-post page_item page-item-4397 menu-item\"><a href=\"https:\/\/the7hotel.com\/pt-pt\/porque-deve-visitar-lisboa\/\" class=\"elementor-sitemap-item elementor-sitemap-item-post menu-link\">Porque Deve Visitar Lisboa<\/a><\/li><li class=\"elementor-sitemap-item elementor-sitemap-item-post page_item page-item-4407 menu-item\"><a href=\"https:\/\/the7hotel.com\/pt-pt\/palavras-expressoes-portuguesas-uteis\/\" class=\"elementor-sitemap-item elementor-sitemap-item-post menu-link\">Palavras &amp; Express\u00f5es Portuguesas \u00dateis<\/a><\/li><li class=\"elementor-sitemap-item elementor-sitemap-item-post page_item page-item-6037 menu-item\"><a href=\"https:\/\/the7hotel.com\/pt-pt\/o-que-fazer-ver-e-experimentar-em-lisboa-se-ficar-hospedando-no-coracao-de-lisboa-roteiro-de-2-dias\/\" class=\"elementor-sitemap-item elementor-sitemap-item-post menu-link\">O que Fazer, Ver e Experimentar em Lisboa se ficar hospedando no cora\u00e7\u00e3o de Lisboa \u2013 Roteiro de 2 dias<\/a><\/li><li class=\"elementor-sitemap-item elementor-sitemap-item-post page_item page-item-5795 menu-item\"><a href=\"https:\/\/the7hotel.com\/pt-pt\/os-8-melhores-restaurantes-de-marisco-de-lisboa\/\" class=\"elementor-sitemap-item elementor-sitemap-item-post menu-link\">Os 8 melhores restaurantes de marisco de Lisboa<\/a><\/li><\/ul><\/div><\/div>\t\t\t\t<\/div>\n\t\t\t\t<\/div>\n\t\t\t\t\t<\/div>\n\t\t\t\t<\/div>\n\t\t\t\t<\/div>\n\t\t","protected":false},"excerpt":{"rendered":"","protected":false},"author":1,"featured_media":0,"parent":0,"menu_order":30,"comment_status":"closed","ping_status":"closed","template":"","meta":{"site-sidebar-layout":"no-sidebar","site-content-layout":"page-builder","ast-site-content-layout":"full-width-container","site-content-style":"unboxed","site-sidebar-style":"unboxed","ast-global-header-display":"","ast-banner-title-visibility":"","ast-main-header-display":"","ast-hfb-above-header-display":"","ast-hfb-below-header-display":"","ast-hfb-mobile-header-display":"","site-post-title":"disabled","ast-breadcrumbs-content":"","ast-featured-img":"disabled","footer-sml-layout":"","ast-disable-related-posts":"","theme-transparent-header-meta":"enabled","adv-header-id-meta":"","stick-header-meta":"","header-above-stick-meta":"","header-main-stick-meta":"","header-below-stick-meta":"","astra-migrate-meta-layouts":"default","ast-page-background-enabled":"default","ast-page-background-meta":{"desktop":{"background-color":"","background-image":"","background-repeat":"repeat","background-position":"center center","background-size":"auto","background-attachment":"scroll","background-type":"","background-media":"","overlay-type":"","overlay-color":"","overlay-opacity":"","overlay-gradient":""},"tablet":{"background-color":"","background-image":"","background-repeat":"repeat","background-position":"center center","background-size":"auto","background-attachment":"scroll","background-type":"","background-media":"","overlay-type":"","overlay-color":"","overlay-opacity":"","overlay-gradient":""},"mobile":{"background-color":"","background-image":"","background-repeat":"repeat","background-position":"center center","background-size":"auto","background-attachment":"scroll","background-type":"","background-media":"","overlay-type":"","overlay-color":"","overlay-opacity":"","overlay-gradient":""}},"ast-content-background-meta":{"desktop":{"background-color":"var(--ast-global-color-5)","background-image":"","background-repeat":"repeat","background-position":"center center","background-size":"auto","background-attachment":"scroll","background-type":"","background-media":"","overlay-type":"","overlay-color":"","overlay-opacity":"","overlay-gradient":""},"tablet":{"background-color":"var(--ast-global-color-5)","background-image":"","background-repeat":"repeat","background-position":"center center","background-size":"auto","background-attachment":"scroll","background-type":"","background-media":"","overlay-type":"","overlay-color":"","overlay-opacity":"","overlay-gradient":""},"mobile":{"background-color":"var(--ast-global-color-5)","background-image":"","background-repeat":"repeat","background-position":"center center","background-size":"auto","background-attachment":"scroll","background-type":"","background-media":"","overlay-type":"","overlay-color":"","overlay-opacity":"","overlay-gradient":""}},"_joinchat":[],"footnotes":""},"class_list":["post-4918","page","type-page","status-publish","hentry"],"aioseo_notices":[],"_links":{"self":[{"href":"https:\/\/the7hotel.com\/pt-pt\/wp-json\/wp\/v2\/pages\/4918","targetHints":{"allow":["GET"]}}],"collection":[{"href":"https:\/\/the7hotel.com\/pt-pt\/wp-json\/wp\/v2\/pages"}],"about":[{"href":"https:\/\/the7hotel.com\/pt-pt\/wp-json\/wp\/v2\/types\/page"}],"author":[{"embeddable":true,"href":"https:\/\/the7hotel.com\/pt-pt\/wp-json\/wp\/v2\/users\/1"}],"replies":[{"embeddable":true,"href":"https:\/\/the7hotel.com\/pt-pt\/wp-json\/wp\/v2\/comments?post=4918"}],"version-history":[{"count":0,"href":"https:\/\/the7hotel.com\/pt-pt\/wp-json\/wp\/v2\/pages\/4918\/revisions"}],"wp:attachment":[{"href":"https:\/\/the7hotel.com\/pt-pt\/wp-json\/wp\/v2\/media?parent=4918"}],"curies":[{"name":"wp","href":"https:\/\/api.w.org\/{rel}","templated":true}]}}