{"id":4382,"date":"2023-03-07T18:53:00","date_gmt":"2023-03-07T18:53:00","guid":{"rendered":"http:\/\/the7hotel.com\/projecto-adaptar-pme\/"},"modified":"2023-07-10T12:27:03","modified_gmt":"2023-07-10T11:27:03","slug":"projecto-adaptar-pme","status":"publish","type":"page","link":"https:\/\/the7hotel.com\/pt-pt\/projecto-adaptar-pme\/","title":{"rendered":"Projecto Adaptar PME"},"content":{"rendered":"\t\t<div data-elementor-type=\"wp-page\" data-elementor-id=\"4382\" class=\"elementor elementor-4382 elementor-4365\" data-elementor-post-type=\"page\">\n\t\t\t\t\t\t<section class=\"elementor-section elementor-top-section elementor-element elementor-element-4402d44 elementor-section-full_width elementor-section-height-min-height elementor-section-height-default elementor-section-items-middle\" data-id=\"4402d44\" data-element_type=\"section\" data-e-type=\"section\" data-settings=\"{&quot;background_background&quot;:&quot;classic&quot;}\">\n\t\t\t\t\t\t\t<div class=\"elementor-background-overlay\"><\/div>\n\t\t\t\t\t\t\t<div class=\"elementor-container elementor-column-gap-default\">\n\t\t\t\t\t<div class=\"elementor-column elementor-col-100 elementor-top-column elementor-element elementor-element-01c449a\" data-id=\"01c449a\" data-element_type=\"column\" data-e-type=\"column\">\n\t\t\t<div class=\"elementor-widget-wrap elementor-element-populated\">\n\t\t\t\t\t\t<div class=\"elementor-element elementor-element-183226b elementor-absolute elementor-widget elementor-widget-heading\" data-id=\"183226b\" data-element_type=\"widget\" data-e-type=\"widget\" data-settings=\"{&quot;_position&quot;:&quot;absolute&quot;}\" data-widget_type=\"heading.default\">\n\t\t\t\t<div class=\"elementor-widget-container\">\n\t\t\t\t\t<h1 class=\"elementor-heading-title elementor-size-default\">Projecto Adaptar PME<\/h1>\t\t\t\t<\/div>\n\t\t\t\t<\/div>\n\t\t\t\t\t<\/div>\n\t\t<\/div>\n\t\t\t\t\t<\/div>\n\t\t<\/section>\n\t\t<div class=\"elementor-element elementor-element-9db35d8 e-flex e-con-boxed e-con e-parent\" data-id=\"9db35d8\" data-element_type=\"container\" data-e-type=\"container\">\n\t\t\t\t\t<div class=\"e-con-inner\">\n\t\t<div class=\"elementor-element elementor-element-5c0818a e-flex e-con-boxed e-con e-child\" data-id=\"5c0818a\" data-element_type=\"container\" data-e-type=\"container\">\n\t\t\t\t\t<div class=\"e-con-inner\">\n\t\t\t\t<div class=\"elementor-element elementor-element-e933e2c elementor-widget elementor-widget-image\" data-id=\"e933e2c\" data-element_type=\"widget\" data-e-type=\"widget\" data-widget_type=\"image.default\">\n\t\t\t\t<div class=\"elementor-widget-container\">\n\t\t\t\t\t\t\t\t\t\t\t\t\t\t\t<img fetchpriority=\"high\" decoding=\"async\" width=\"843\" height=\"129\" src=\"https:\/\/the7hotel.com\/wp-content\/uploads\/2023\/03\/Lisboa-2020.jpg\" class=\"attachment-large size-large wp-image-4352\" alt=\"\" srcset=\"https:\/\/the7hotel.com\/wp-content\/uploads\/2023\/03\/Lisboa-2020.jpg 843w, https:\/\/the7hotel.com\/wp-content\/uploads\/2023\/03\/Lisboa-2020-300x46.jpg 300w, https:\/\/the7hotel.com\/wp-content\/uploads\/2023\/03\/Lisboa-2020-768x118.jpg 768w\" sizes=\"(max-width: 843px) 100vw, 843px\" \/>\t\t\t\t\t\t\t\t\t\t\t\t\t\t\t<\/div>\n\t\t\t\t<\/div>\n\t\t\t\t<div class=\"elementor-element elementor-element-c3fbf2d elementor-widget elementor-widget-text-editor\" data-id=\"c3fbf2d\" data-element_type=\"widget\" data-e-type=\"widget\" data-widget_type=\"text-editor.default\">\n\t\t\t\t<div class=\"elementor-widget-container\">\n\t\t\t\t\t\t\t\t\t<p>Designa\u00e7\u00e3o do Projecto: ADAPTAR \u2013 PME<\/p>\n<p>C\u00f3digo do Projecto: 16\/SI\/2020<\/p>\n<p>Objetivo Principal: OT 3 \u2013 Refor\u00e7ar a competitividade das PME<\/p>\n<p>Regi\u00e3o de Interven\u00e7\u00e3o: Programa Operacional Regional de Lisboa<\/p>\n\t\t\t\t\t\t\t\t<\/div>\n\t\t\t\t<\/div>\n\t\t\t\t<div class=\"elementor-element elementor-element-4a1f582 elementor-widget elementor-widget-text-editor\" data-id=\"4a1f582\" data-element_type=\"widget\" data-e-type=\"widget\" data-widget_type=\"text-editor.default\">\n\t\t\t\t<div class=\"elementor-widget-container\">\n\t\t\t\t\t\t\t\t\t<p>Entidade Benefici\u00e1ria: Blue Queen Hotels, Lda.<\/p>\n<p>Data de Aprova\u00e7\u00e3o: 16\/07\/2020<\/p>\n<p>Data de Inicio: 18\/05\/2020<\/p>\n<p>Data de Conclus\u00e3o: 31\/03\/2021<\/p>\n<p>Custo Total Eleg\u00edvel: 28.100,00\u20ac<\/p>\n<p>Apoio Financeiro da Uni\u00e3o Europeia: 15.050,00\u20ac<\/p>\n\t\t\t\t\t\t\t\t<\/div>\n\t\t\t\t<\/div>\n\t\t\t\t<div class=\"elementor-element elementor-element-190a6aa elementor-widget elementor-widget-text-editor\" data-id=\"190a6aa\" data-element_type=\"widget\" data-e-type=\"widget\" data-widget_type=\"text-editor.default\">\n\t\t\t\t<div class=\"elementor-widget-container\">\n\t\t\t\t\t\t\t\t\t<p>O The 7 Hotel apresenta-se no presente projeto com investimento em ferramentas digitais capazes de um servi\u00e7o hoteleiro diferenciador. Aposta na diversifica\u00e7\u00e3o de servi\u00e7os possibilitando a que cada cliente seja mais aut\u00f3nomo dentro do hotel, promovendo o distanciamento social e todos os processos de hotel de forma simplificada, diversificando a oferta de forma tecnol\u00f3gica.<br \/>\u2013 Dispensador autom\u00e1tico de vinho<br \/>(Permite que os clientes utilizem de forma aut\u00f3noma).<br \/>\u2013 Quiosque Self-Service ( Check in e Check out )<br \/>O sistema self check-in permite, uma rece\u00e7\u00e3o automatizada e r\u00e1pida. Ir\u00e1 tamb\u00e9m orientar os clientes atrav\u00e9s de um check-in seguro e simples de usar \u2013 desde o pagamento at\u00e9 ao preenchimento dos dados de registo e emiss\u00e3o das chaves do quarto do hotel.<br \/>\u2013 Email de Pr\u00e9-check in antes da chegada do cliente (onde todos os dados s\u00e3o introduzidos e enviados pelo pelo mesmo)<br \/>\u2013 Economizadores para abertura das portas dos quartos com smartphone<br \/>Permite a abertura da porta do quarto com o smartphone do cliente. Evita contacto na rece\u00e7ao e cart\u00f5es f\u00edsicos para abertura de portas.<\/p>\n\t\t\t\t\t\t\t\t<\/div>\n\t\t\t\t<\/div>\n\t\t<div class=\"elementor-element elementor-element-1ce427c e-flex e-con-boxed e-con e-child\" data-id=\"1ce427c\" data-element_type=\"container\" data-e-type=\"container\">\n\t\t\t\t\t<div class=\"e-con-inner\">\n\t\t\t\t<div class=\"elementor-element elementor-element-6045a41 elementor-widget elementor-widget-image\" data-id=\"6045a41\" data-element_type=\"widget\" data-e-type=\"widget\" data-widget_type=\"image.default\">\n\t\t\t\t<div class=\"elementor-widget-container\">\n\t\t\t\t\t\t\t\t\t\t\t\t\t\t\t<img decoding=\"async\" width=\"300\" height=\"167\" src=\"https:\/\/the7hotel.com\/wp-content\/uploads\/2022\/09\/LOGO-TRANSPARENTE-small.webp\" class=\"attachment-full size-full wp-image-3709\" alt=\"\" srcset=\"https:\/\/the7hotel.com\/wp-content\/uploads\/2022\/09\/LOGO-TRANSPARENTE-small.webp 300w, https:\/\/the7hotel.com\/wp-content\/uploads\/2022\/09\/LOGO-TRANSPARENTE-small-180x100.webp 180w\" sizes=\"(max-width: 300px) 100vw, 300px\" \/>\t\t\t\t\t\t\t\t\t\t\t\t\t\t\t<\/div>\n\t\t\t\t<\/div>\n\t\t<div class=\"elementor-element elementor-element-c6ad4c2 e-flex e-con-boxed e-con e-child\" data-id=\"c6ad4c2\" data-element_type=\"container\" data-e-type=\"container\">\n\t\t\t\t\t<div class=\"e-con-inner\">\n\t\t\t\t<div class=\"elementor-element elementor-element-b5a43c6 elementor-widget elementor-widget-text-editor\" data-id=\"b5a43c6\" data-element_type=\"widget\" data-e-type=\"widget\" data-widget_type=\"text-editor.default\">\n\t\t\t\t<div class=\"elementor-widget-container\">\n\t\t\t\t\t\t\t\t\t<p>Objectivos a alcan\u00e7ar ap\u00f3s o projecto:<br \/>\u2013 Automatiza\u00e7\u00e3o dos servi\u00e7os<br \/>\u2013 Satisfa\u00e7\u00e3o pela oferta tecnol\u00f3gica<br \/>\u2013 Aumento da receita do hotel<\/p>\n\t\t\t\t\t\t\t\t<\/div>\n\t\t\t\t<\/div>\n\t\t\t\t\t<\/div>\n\t\t\t\t<\/div>\n\t\t\t\t\t<\/div>\n\t\t\t\t<\/div>\n\t\t\t\t\t<\/div>\n\t\t\t\t<\/div>\n\t\t\t\t\t<\/div>\n\t\t\t\t<\/div>\n\t\t\t\t<\/div>\n\t\t","protected":false},"excerpt":{"rendered":"<p>Designa\u00e7\u00e3o do Projecto: ADAPTAR \u2013 PME C\u00f3digo do Projecto: 16\/SI\/2020 Objetivo Principal: OT 3 \u2013 Refor\u00e7ar a competitividade das PME Regi\u00e3o de Interven\u00e7\u00e3o: Programa Operacional Regional de Lisboa Entidade Benefici\u00e1ria: Blue Queen Hotels, Lda. Data de Aprova\u00e7\u00e3o: 16\/07\/2020 Data de Inicio: 18\/05\/2020 Data de Conclus\u00e3o: 31\/03\/2021 Custo Total Eleg\u00edvel: 28.100,00\u20ac Apoio Financeiro da Uni\u00e3o Europeia: [&hellip;]<\/p>\n","protected":false},"author":1,"featured_media":0,"parent":0,"menu_order":22,"comment_status":"closed","ping_status":"closed","template":"","meta":{"site-sidebar-layout":"no-sidebar","site-content-layout":"page-builder","ast-site-content-layout":"default","site-content-style":"default","site-sidebar-style":"default","ast-global-header-display":"","ast-banner-title-visibility":"","ast-main-header-display":"","ast-hfb-above-header-display":"","ast-hfb-below-header-display":"","ast-hfb-mobile-header-display":"","site-post-title":"disabled","ast-breadcrumbs-content":"disabled","ast-featured-img":"disabled","footer-sml-layout":"","ast-disable-related-posts":"","theme-transparent-header-meta":"enabled","adv-header-id-meta":"","stick-header-meta":"default","header-above-stick-meta":"","header-main-stick-meta":"","header-below-stick-meta":"","astra-migrate-meta-layouts":"default","ast-page-background-enabled":"default","ast-page-background-meta":{"desktop":{"background-color":"","background-image":"","background-repeat":"repeat","background-position":"center center","background-size":"auto","background-attachment":"scroll","background-type":"","background-media":"","overlay-type":"","overlay-color":"","overlay-opacity":"","overlay-gradient":""},"tablet":{"background-color":"","background-image":"","background-repeat":"repeat","background-position":"center center","background-size":"auto","background-attachment":"scroll","background-type":"","background-media":"","overlay-type":"","overlay-color":"","overlay-opacity":"","overlay-gradient":""},"mobile":{"background-color":"","background-image":"","background-repeat":"repeat","background-position":"center center","background-size":"auto","background-attachment":"scroll","background-type":"","background-media":"","overlay-type":"","overlay-color":"","overlay-opacity":"","overlay-gradient":""}},"ast-content-background-meta":{"desktop":{"background-color":"var(--ast-global-color-5)","background-image":"","background-repeat":"repeat","background-position":"center center","background-size":"auto","background-attachment":"scroll","background-type":"","background-media":"","overlay-type":"","overlay-color":"","overlay-opacity":"","overlay-gradient":""},"tablet":{"background-color":"var(--ast-global-color-5)","background-image":"","background-repeat":"repeat","background-position":"center center","background-size":"auto","background-attachment":"scroll","background-type":"","background-media":"","overlay-type":"","overlay-color":"","overlay-opacity":"","overlay-gradient":""},"mobile":{"background-color":"var(--ast-global-color-5)","background-image":"","background-repeat":"repeat","background-position":"center center","background-size":"auto","background-attachment":"scroll","background-type":"","background-media":"","overlay-type":"","overlay-color":"","overlay-opacity":"","overlay-gradient":""}},"_joinchat":[],"footnotes":""},"class_list":["post-4382","page","type-page","status-publish","hentry"],"aioseo_notices":[],"_links":{"self":[{"href":"https:\/\/the7hotel.com\/pt-pt\/wp-json\/wp\/v2\/pages\/4382","targetHints":{"allow":["GET"]}}],"collection":[{"href":"https:\/\/the7hotel.com\/pt-pt\/wp-json\/wp\/v2\/pages"}],"about":[{"href":"https:\/\/the7hotel.com\/pt-pt\/wp-json\/wp\/v2\/types\/page"}],"author":[{"embeddable":true,"href":"https:\/\/the7hotel.com\/pt-pt\/wp-json\/wp\/v2\/users\/1"}],"replies":[{"embeddable":true,"href":"https:\/\/the7hotel.com\/pt-pt\/wp-json\/wp\/v2\/comments?post=4382"}],"version-history":[{"count":0,"href":"https:\/\/the7hotel.com\/pt-pt\/wp-json\/wp\/v2\/pages\/4382\/revisions"}],"wp:attachment":[{"href":"https:\/\/the7hotel.com\/pt-pt\/wp-json\/wp\/v2\/media?parent=4382"}],"curies":[{"name":"wp","href":"https:\/\/api.w.org\/{rel}","templated":true}]}}