{"id":4331,"date":"2023-03-07T17:55:52","date_gmt":"2023-03-07T17:55:52","guid":{"rendered":"http:\/\/the7hotel.com\/politica-de-privacidade-e-dados-pessoais\/"},"modified":"2023-09-28T21:03:16","modified_gmt":"2023-09-28T20:03:16","slug":"politica-de-privacidade-e-dados-pessoais","status":"publish","type":"page","link":"https:\/\/the7hotel.com\/pt-pt\/politica-de-privacidade-e-dados-pessoais\/","title":{"rendered":"Pol\u00edtica de Privacidade e Dados Pessoais"},"content":{"rendered":"\t\t<div data-elementor-type=\"wp-page\" data-elementor-id=\"4331\" class=\"elementor elementor-4331 elementor-4322\" data-elementor-post-type=\"page\">\n\t\t\t\t\t\t<section class=\"elementor-section elementor-top-section elementor-element elementor-element-55690bb elementor-section-full_width elementor-section-height-min-height elementor-section-height-default elementor-section-items-middle\" data-id=\"55690bb\" data-element_type=\"section\" data-e-type=\"section\" data-settings=\"{&quot;background_background&quot;:&quot;classic&quot;}\">\n\t\t\t\t\t\t\t<div class=\"elementor-background-overlay\"><\/div>\n\t\t\t\t\t\t\t<div class=\"elementor-container elementor-column-gap-default\">\n\t\t\t\t\t<div class=\"elementor-column elementor-col-100 elementor-top-column elementor-element elementor-element-2bea505\" data-id=\"2bea505\" data-element_type=\"column\" data-e-type=\"column\">\n\t\t\t<div class=\"elementor-widget-wrap elementor-element-populated\">\n\t\t\t\t\t\t<div class=\"elementor-element elementor-element-d42cd15 elementor-absolute elementor-widget elementor-widget-heading\" data-id=\"d42cd15\" data-element_type=\"widget\" data-e-type=\"widget\" data-settings=\"{&quot;_position&quot;:&quot;absolute&quot;}\" data-widget_type=\"heading.default\">\n\t\t\t\t<div class=\"elementor-widget-container\">\n\t\t\t\t\t<h1 class=\"elementor-heading-title elementor-size-default\">Pol\u00edtica de Privacidade e Dados Pessoais<\/h1>\t\t\t\t<\/div>\n\t\t\t\t<\/div>\n\t\t\t\t\t<\/div>\n\t\t<\/div>\n\t\t\t\t\t<\/div>\n\t\t<\/section>\n\t\t\t\t<section class=\"elementor-section elementor-top-section elementor-element elementor-element-2f786de elementor-section-boxed elementor-section-height-default elementor-section-height-default\" data-id=\"2f786de\" data-element_type=\"section\" data-e-type=\"section\">\n\t\t\t\t\t\t<div class=\"elementor-container elementor-column-gap-default\">\n\t\t\t\t\t<div class=\"elementor-column elementor-col-50 elementor-top-column elementor-element elementor-element-d3860a5\" data-id=\"d3860a5\" data-element_type=\"column\" data-e-type=\"column\">\n\t\t\t<div class=\"elementor-widget-wrap elementor-element-populated\">\n\t\t\t\t\t\t<div class=\"elementor-element elementor-element-d54b196 elementor-widget elementor-widget-text-editor\" data-id=\"d54b196\" data-element_type=\"widget\" data-e-type=\"widget\" data-widget_type=\"text-editor.default\">\n\t\t\t\t<div class=\"elementor-widget-container\">\n\t\t\t\t\t\t\t\t\t<h4>\n            <strong>Pol\u00edtica de Privacidade e Dados Pessoais &#8211; aplic\u00e1vel aos Usu\u00e1rios deste Neg\u00f3cio de Hospitalidade ao fazer uma reserva<\/strong><br \/>\n          <\/h4>\n<\/p>\n<p>Respons\u00e1vel pelo tratamento de dados (n\u00f3s): A Empresa de Hotelaria que lhe fornecer\u00e1 a si, o utilizador, o servi\u00e7o solicitado. A nossa identifica\u00e7\u00e3o e os nossos dados de contacto est\u00e3o dispon\u00edveis no s\u00edtio Web que utilizou para efetuar a sua reserva \/ para nos colocar as suas quest\u00f5es. Tamb\u00e9m constar\u00e3o da nossa fatura que lhe enviaremos.  <\/p>\n<p>Director de Conformidade de Dados: N\u00e3o aplic\u00e1vel \u00e0s actividades dos Data Controllers.<\/p>\n<p>Usu\u00e1rio : Voc\u00ea, que preencheu o formul\u00e1rio de reserva ou qualquer outra documenta\u00e7\u00e3o relacionada com o boletim de h\u00f3spede.<\/p>\n<p>Objectivo: O objectivo do processamento dos dados fornecidos atrav\u00e9s deste formul\u00e1rio \u00e9 gerir as reservas feitas por voc\u00ea, usu\u00e1rio e \/ ou responder \u00e0s perguntas \/ solicita\u00e7\u00f5es feitas.<\/p>\n<p>Base Jur\u00eddica:<br \/>&#8211; Ou a necessidade de executar o nosso contrato com o usu\u00e1rio \/ a necessidade de tomar medidas a seu pedido antes de entrar em um contrato. <br \/>&#8211; Ou o consentimento do usu\u00e1rio, ao marcar a caixa de aceita\u00e7\u00e3o dos Termos e Condi\u00e7\u00f5es dos quais esta pol\u00edtica de privacidade e dados pessoais \u00e9 parte integrante.<\/p>\n<p><strong>Dura\u00e7\u00e3o:<\/strong> Armazenaremos os dados fornecidos pelo utilizador durante o tempo necess\u00e1rio para a gest\u00e3o da reserva que efectuou, bem como dos servi\u00e7os de alojamento que solicitou. Uma vez terminada a gest\u00e3o, os seus dados ser\u00e3o conservados durante seis (6) meses. Se der o seu consentimento para receber informa\u00e7\u00f5es de marketing e\/ou comerciais, os seus dados ser\u00e3o conservados at\u00e9 revogar o seu consentimento.  <\/p>\n<p>Processador: Contratamos o nosso parceiro Host (<a href=\"http:\/\/www.hostpms.com\">www.hostpms.com<\/a>) para realizar o mecanismo de reservas dos nossos neg\u00f3cios. A Host atua sob a nossa autoridade. Um contrato foi assinado para a presta\u00e7\u00e3o dos seus servi\u00e7os. N\u00f3s instru\u00edmos a Host Hotel Systems por escrito sobre como o processamento deve ser feito.<\/p>\n<p>Entidades de dados diferentes dos usu\u00e1rios: Quando o usu\u00e1rio, nos fornece dados pessoais pertencentes a um sujeito que n\u00e3o ele pr\u00f3prio, \u00e9 respons\u00e1vel por tais actos, bem como pela obten\u00e7\u00e3o do respectivo consentimento de tal sujeito para o fornecimento dos seus dados.<\/p>\n<p>Transfer\u00eancia de Dados: N\u00f3s n\u00e3o devemos transferir dados pessoais para um terceiro pa\u00eds fora da EEA (\u00c1rea Econ\u00f3mica Europeia).<\/p>\n<p>Direitos dos titulares de dados: Os titulares de dados podem exercer os seus direitos de acesso, retifica\u00e7\u00e3o, cancelamento e oposi\u00e7\u00e3o enviando um e-mail ou por meio de servi\u00e7o postal para os detalhes de contato que se encontram no nosso site de reservas e nas nossas faturas.<\/p>\n<p>Se quer reportar alguma situa\u00e7\u00e3o sobre o hotel relacionada com este assunto, por favor envie um email para : <a href=\"mailto:reports@the7hotel.com\">reports@the7hotel.com<\/a>.<\/p>\n<p>Autoridade de controlo: Se uma pessoa em causa considerar que os seus direitos foram afectados, pode tamb\u00e9m recorrer \u00e0 autoridade de controlo competente do Estado-Membro em quest\u00e3o. Mais informa\u00e7\u00f5es em: <a href=\"\">https:\/\/ec.europa.eu\/info\/law\/law-topic\/data-protection\/data-protection-eu_en<\/a>. <\/p>\n\t\t\t\t\t\t\t\t<\/div>\n\t\t\t\t<\/div>\n\t\t\t\t\t<\/div>\n\t\t<\/div>\n\t\t\t\t<div class=\"elementor-column elementor-col-50 elementor-top-column elementor-element elementor-element-0fbe7c3\" data-id=\"0fbe7c3\" data-element_type=\"column\" data-e-type=\"column\">\n\t\t\t<div class=\"elementor-widget-wrap elementor-element-populated\">\n\t\t\t\t\t\t<div class=\"elementor-element elementor-element-dab0341 elementor-widget elementor-widget-sidebar\" data-id=\"dab0341\" data-element_type=\"widget\" data-e-type=\"widget\" data-settings=\"{&quot;sticky&quot;:&quot;top&quot;,&quot;sticky_on&quot;:[&quot;desktop&quot;],&quot;sticky_offset&quot;:175,&quot;sticky_parent&quot;:&quot;yes&quot;,&quot;sticky_effects_offset&quot;:0,&quot;sticky_anchor_link_offset&quot;:0}\" data-widget_type=\"sidebar.default\">\n\t\t\t\t<div class=\"elementor-widget-container\">\n\t\t\t\t\t<aside id=\"elementor-library-4\" class=\"widget widget_elementor-library\"><h4 class=\"widget-title\">RESERVAR!<\/h4>\t\t<div data-elementor-type=\"section\" data-elementor-id=\"3904\" class=\"elementor elementor-3904 elementor-720\" data-elementor-post-type=\"elementor_library\">\n\t\t\t\t\t<section class=\"elementor-section elementor-top-section elementor-element elementor-element-1b7e289 elementor-section-boxed elementor-section-height-default elementor-section-height-default\" data-id=\"1b7e289\" data-element_type=\"section\" data-e-type=\"section\" data-settings=\"{&quot;background_background&quot;:&quot;classic&quot;}\">\n\t\t\t\t\t\t<div class=\"elementor-container elementor-column-gap-default\">\n\t\t\t\t\t<div class=\"elementor-column elementor-col-100 elementor-top-column elementor-element elementor-element-62ea3c7\" data-id=\"62ea3c7\" data-element_type=\"column\" data-e-type=\"column\">\n\t\t\t<div class=\"elementor-widget-wrap elementor-element-populated\">\n\t\t\t\t\t\t<div class=\"elementor-element elementor-element-9ba55bc elementor-button-align-center elementor-widget elementor-widget-form\" data-id=\"9ba55bc\" data-element_type=\"widget\" data-e-type=\"widget\" data-settings=\"{&quot;step_next_label&quot;:&quot;Pr\\u00f3ximo&quot;,&quot;step_previous_label&quot;:&quot;Anterior&quot;,&quot;button_width&quot;:&quot;100&quot;,&quot;step_type&quot;:&quot;number_text&quot;,&quot;step_icon_shape&quot;:&quot;circle&quot;}\" data-widget_type=\"form.default\">\n\t\t\t\t<div class=\"elementor-widget-container\">\n\t\t\t\t\t\t\t<form class=\"elementor-form\" method=\"post\" name=\"New Form\" aria-label=\"New Form\">\n\t\t\t<input type=\"hidden\" name=\"post_id\" value=\"3904\"\/>\n\t\t\t<input type=\"hidden\" name=\"form_id\" value=\"9ba55bc\"\/>\n\t\t\t<input type=\"hidden\" name=\"referer_title\" value=\"Pol\u00edtica de Privacidade e Dados Pessoais - The 7 Hotel Lisboa\" \/>\n\n\t\t\t\t\t\t\t<input type=\"hidden\" name=\"queried_id\" value=\"4331\"\/>\n\t\t\t\n\t\t\t<div class=\"elementor-form-fields-wrapper elementor-labels-\">\n\t\t\t\t\t\t\t\t<div class=\"elementor-field-type-date elementor-field-group elementor-column elementor-field-group-checkin elementor-col-100\">\n\t\t\t\t\t\t\t\t\t\t\t\t<label for=\"form-field-checkin\" class=\"elementor-field-label elementor-screen-only\">\n\t\t\t\t\t\t\t\tCheck-in\t\t\t\t\t\t\t<\/label>\n\t\t\t\t\t\t\n\t\t<input type=\"date\" name=\"form_fields[checkin]\" id=\"form-field-checkin\" class=\"elementor-field elementor-size-sm  elementor-field-textual elementor-date-field\" placeholder=\"Check-in\" pattern=\"[0-9]{4}-[0-9]{2}-[0-9]{2}\">\n\t\t\t\t\t\t<\/div>\n\t\t\t\t\t\t\t\t<div class=\"elementor-field-type-date elementor-field-group elementor-column elementor-field-group-checkout elementor-col-100 elementor-field-required\">\n\t\t\t\t\t\t\t\t\t\t\t\t<label for=\"form-field-checkout\" class=\"elementor-field-label elementor-screen-only\">\n\t\t\t\t\t\t\t\tCheck-out\t\t\t\t\t\t\t<\/label>\n\t\t\t\t\t\t\n\t\t<input type=\"date\" name=\"form_fields[checkout]\" id=\"form-field-checkout\" class=\"elementor-field elementor-size-sm  elementor-field-textual elementor-date-field\" placeholder=\"Check-out\" required=\"required\" pattern=\"[0-9]{4}-[0-9]{2}-[0-9]{2}\">\n\t\t\t\t\t\t<\/div>\n\t\t\t\t\t\t\t\t<div class=\"elementor-field-group elementor-column elementor-field-type-submit elementor-col-100 e-form__buttons\">\n\t\t\t\t\t<button class=\"elementor-button elementor-size-sm\" type=\"submit\">\n\t\t\t\t\t\t<span class=\"elementor-button-content-wrapper\">\n\t\t\t\t\t\t\t\t\t\t\t\t\t\t\t<span class=\"elementor-button-icon\">\n\t\t\t\t\t\t\t\t\t<i aria-hidden=\"true\" class=\"fas fa-arrow-alt-circle-right\"><\/i>\t\t\t\t\t\t\t\t\t\t\t\t\t\t\t\t\t<\/span>\n\t\t\t\t\t\t\t\t\t\t\t\t\t\t\t\t\t\t\t\t\t\t<span class=\"elementor-button-text\">Ver Disponibilidade<\/span>\n\t\t\t\t\t\t\t\t\t\t\t\t\t<\/span>\n\t\t\t\t\t<\/button>\n\t\t\t\t<\/div>\n\t\t\t<\/div>\n\t\t<\/form>\n\t\t\t\t\t\t<\/div>\n\t\t\t\t<\/div>\n\t\t\t\t\t<\/div>\n\t\t<\/div>\n\t\t\t\t\t<\/div>\n\t\t<\/section>\n\t\t\t\t<\/div>\n\t\t<\/aside><aside id=\"astra-widget-social-profiles-2\" class=\"widget astra-widget-social-profiles\"><h4 class=\"widget-title\">SOCIAL MEDIA<\/h4>\n\t\t\t<div class=\"astra-widget-social-profiles-inner clearfix inline circle icon-custom-color\">\n\t\t\t\t\t\t\t\t\t<ul>\n\t\t\t\t\t\t\t\t\t\t\t\t\t<li>\n\t\t\t\t\t\t\t\t<a href=\"http:\/\/www.facebook.com\/the7hotel\" target=\"_blank\" rel=\"noopener nofollow\" aria-label=\"facebook-f\">\n\t\t\t\t\t\t\t\t\t\t<span class=\"ast-widget-icon facebook-f\">\n\t\t\t\t\t\t\t\t\t\t\t\t\t\t\t\t\t\t\t\t\t\t\t<svg xmlns=\"http:\/\/www.w3.org\/2000\/svg\" viewBox=\"0 0 320 512\" width=\"20\" height=\"20\"><path d=\"M279.14 288l14.22-92.66h-88.91v-60.13c0-25.35 12.42-50.06 52.24-50.06h40.42V6.26S260.43 0 225.36 0c-73.22 0-121.08 44.38-121.08 124.72v70.62H22.89V288h81.39v224h100.17V288z\"><\/path><\/svg>\n\t\t\t\t\t\t\t\t\t\t\t\t\t\t\t\t\t\t\t\t\t<\/span>\n\t\t\t\t\t\t\t\t\t\t\t\t\t\t\t\t\t<\/a>\n\t\t\t\t\t\t\t<\/li>\n\t\t\t\t\t\t\t\t\t\t\t\t\t<li>\n\t\t\t\t\t\t\t\t<a href=\"https:\/\/plus.google.com\/u\/0\/103379157476336735444\/about\" target=\"_blank\" rel=\"noopener nofollow\" aria-label=\"google-plus-g\">\n\t\t\t\t\t\t\t\t\t\t<span class=\"ast-widget-icon google-plus-g\">\n\t\t\t\t\t\t\t\t\t\t\t\t\t\t\t\t\t\t\t\t\t\t\t<svg xmlns=\"http:\/\/www.w3.org\/2000\/svg\" viewBox=\"0 0 640 512\" width=\"20\" height=\"20\"><path d=\"M386.061 228.496c1.834 9.692 3.143 19.384 3.143 31.956C389.204 370.205 315.599 448 204.8 448c-106.084 0-192-85.915-192-192s85.916-192 192-192c51.864 0 95.083 18.859 128.611 50.292l-52.126 50.03c-14.145-13.621-39.028-29.599-76.485-29.599-65.484 0-118.92 54.221-118.92 121.277 0 67.056 53.436 121.277 118.92 121.277 75.961 0 104.513-54.745 108.965-82.773H204.8v-66.009h181.261zm185.406 6.437V179.2h-56.001v55.733h-55.733v56.001h55.733v55.733h56.001v-55.733H627.2v-56.001h-55.733z\"><\/path><\/svg>\n\t\t\t\t\t\t\t\t\t\t\t\t\t\t\t\t\t\t\t\t\t<\/span>\n\t\t\t\t\t\t\t\t\t\t\t\t\t\t\t\t\t<\/a>\n\t\t\t\t\t\t\t<\/li>\n\t\t\t\t\t\t\t\t\t\t\t\t\t<li>\n\t\t\t\t\t\t\t\t<a href=\"https:\/\/www.linkedin.com\/company\/5309947?trk=tyah&amp;trkInfo=clickedVertical%3Acompany%2Cidx%3A1-1-1%2CtarId%3A1432116219323%2Ctas%3Athe%207%20hotel\" target=\"_blank\" rel=\"noopener nofollow\" aria-label=\"linkedin-in\">\n\t\t\t\t\t\t\t\t\t\t<span class=\"ast-widget-icon linkedin-in\">\n\t\t\t\t\t\t\t\t\t\t\t\t\t\t\t\t\t\t\t\t\t\t\t<svg xmlns=\"http:\/\/www.w3.org\/2000\/svg\" viewBox=\"0 0 448 512\" width=\"20\" height=\"20\"><path d=\"M100.28 448H7.4V148.9h92.88zM53.79 108.1C24.09 108.1 0 83.5 0 53.8a53.79 53.79 0 0 1 107.58 0c0 29.7-24.1 54.3-53.79 54.3zM447.9 448h-92.68V302.4c0-34.7-.7-79.2-48.29-79.2-48.29 0-55.69 37.7-55.69 76.7V448h-92.78V148.9h89.08v40.8h1.3c12.4-23.5 42.69-48.3 87.88-48.3 94 0 111.28 61.9 111.28 142.3V448z\"><\/path><\/svg>\n\t\t\t\t\t\t\t\t\t\t\t\t\t\t\t\t\t\t\t\t\t<\/span>\n\t\t\t\t\t\t\t\t\t\t\t\t\t\t\t\t\t<\/a>\n\t\t\t\t\t\t\t<\/li>\n\t\t\t\t\t\t\t\t\t\t\t\t\t<li>\n\t\t\t\t\t\t\t\t<a href=\"https:\/\/www.instagram.com\/the7hotel\/\" target=\"_blank\" rel=\"noopener nofollow\" aria-label=\"instagram\">\n\t\t\t\t\t\t\t\t\t\t<span class=\"ast-widget-icon instagram\">\n\t\t\t\t\t\t\t\t\t\t\t\t\t\t\t\t\t\t\t\t\t\t\t<svg xmlns=\"http:\/\/www.w3.org\/2000\/svg\" viewBox=\"0 0 448 512\" width=\"20\" height=\"20\"><path d=\"M224.1 141c-63.6 0-114.9 51.3-114.9 114.9s51.3 114.9 114.9 114.9S339 319.5 339 255.9 287.7 141 224.1 141zm0 189.6c-41.1 0-74.7-33.5-74.7-74.7s33.5-74.7 74.7-74.7 74.7 33.5 74.7 74.7-33.6 74.7-74.7 74.7zm146.4-194.3c0 14.9-12 26.8-26.8 26.8-14.9 0-26.8-12-26.8-26.8s12-26.8 26.8-26.8 26.8 12 26.8 26.8zm76.1 27.2c-1.7-35.9-9.9-67.7-36.2-93.9-26.2-26.2-58-34.4-93.9-36.2-37-2.1-147.9-2.1-184.9 0-35.8 1.7-67.6 9.9-93.9 36.1s-34.4 58-36.2 93.9c-2.1 37-2.1 147.9 0 184.9 1.7 35.9 9.9 67.7 36.2 93.9s58 34.4 93.9 36.2c37 2.1 147.9 2.1 184.9 0 35.9-1.7 67.7-9.9 93.9-36.2 26.2-26.2 34.4-58 36.2-93.9 2.1-37 2.1-147.8 0-184.8zM398.8 388c-7.8 19.6-22.9 34.7-42.6 42.6-29.5 11.7-99.5 9-132.1 9s-102.7 2.6-132.1-9c-19.6-7.8-34.7-22.9-42.6-42.6-11.7-29.5-9-99.5-9-132.1s-2.6-102.7 9-132.1c7.8-19.6 22.9-34.7 42.6-42.6 29.5-11.7 99.5-9 132.1-9s102.7-2.6 132.1 9c19.6 7.8 34.7 22.9 42.6 42.6 11.7 29.5 9 99.5 9 132.1s2.7 102.7-9 132.1z\"><\/path><\/svg>\n\t\t\t\t\t\t\t\t\t\t\t\t\t\t\t\t\t\t\t\t\t<\/span>\n\t\t\t\t\t\t\t\t\t\t\t\t\t\t\t\t\t<\/a>\n\t\t\t\t\t\t\t<\/li>\n\t\t\t\t\t\t\t\t\t\t\t\t\t<li>\n\t\t\t\t\t\t\t\t<a href=\"http:\/\/www.tripadvisor.com\/Hotel_Review-g189158-d8125590-Reviews-The_7_Hotel-Lisbon_Lisbon_District_Central_Portugal.html\" target=\"_blank\" rel=\"noopener nofollow\" aria-label=\"tripadvisor\">\n\t\t\t\t\t\t\t\t\t\t<span class=\"ast-widget-icon tripadvisor\">\n\t\t\t\t\t\t\t\t\t\t\t\t\t\t\t\t\t\t\t\t\t\t\t<svg xmlns=\"http:\/\/www.w3.org\/2000\/svg\" viewBox=\"0 0 576 512\" width=\"20\" height=\"20\"><path d=\"M166.4 280.521c0 13.236-10.73 23.966-23.966 23.966s-23.966-10.73-23.966-23.966 10.73-23.966 23.966-23.966 23.966 10.729 23.966 23.966zm264.962-23.956c-13.23 0-23.956 10.725-23.956 23.956 0 13.23 10.725 23.956 23.956 23.956 13.23 0 23.956-10.725 23.956-23.956-.001-13.231-10.726-23.956-23.956-23.956zm89.388 139.49c-62.667 49.104-153.276 38.109-202.379-24.559l-30.979 46.325-30.683-45.939c-48.277 60.39-135.622 71.891-197.885 26.055-64.058-47.158-77.759-137.316-30.601-201.374A186.762 186.762 0 0 0 0 139.416l90.286-.05a358.48 358.48 0 0 1 197.065-54.03 350.382 350.382 0 0 1 192.181 53.349l96.218.074a185.713 185.713 0 0 0-28.352 57.649c46.793 62.747 34.964 151.37-26.648 199.647zM259.366 281.761c-.007-63.557-51.535-115.075-115.092-115.068C80.717 166.7 29.2 218.228 29.206 281.785c.007 63.557 51.535 115.075 115.092 115.068 63.513-.075 114.984-51.539 115.068-115.052v-.04zm28.591-10.455c5.433-73.44 65.51-130.884 139.12-133.022a339.146 339.146 0 0 0-139.727-27.812 356.31 356.31 0 0 0-140.164 27.253c74.344 1.582 135.299 59.424 140.771 133.581zm251.706-28.767c-21.992-59.634-88.162-90.148-147.795-68.157-59.634 21.992-90.148 88.162-68.157 147.795v.032c22.038 59.607 88.198 90.091 147.827 68.113 59.615-22.004 90.113-88.162 68.125-147.783zm-326.039 37.975v.115c-.057 39.328-31.986 71.163-71.314 71.106-39.328-.057-71.163-31.986-71.106-71.314.057-39.328 31.986-71.163 71.314-71.106 39.259.116 71.042 31.94 71.106 71.199zm-24.512 0v-.084c-.051-25.784-20.994-46.645-46.778-46.594-25.784.051-46.645 20.994-46.594 46.777.051 25.784 20.994 46.645 46.777 46.594 25.726-.113 46.537-20.968 46.595-46.693zm313.423 0v.048c-.02 39.328-31.918 71.194-71.247 71.173s-71.194-31.918-71.173-71.247c.02-39.328 31.918-71.194 71.247-71.173 39.29.066 71.121 31.909 71.173 71.199zm-24.504-.008c-.009-25.784-20.918-46.679-46.702-46.67-25.784.009-46.679 20.918-46.67 46.702.009 25.784 20.918 46.678 46.702 46.67 25.765-.046 46.636-20.928 46.67-46.693v-.009z\"><\/path><\/svg>\n\t\t\t\t\t\t\t\t\t\t\t\t\t\t\t\t\t\t\t\t\t<\/span>\n\t\t\t\t\t\t\t\t\t\t\t\t\t\t\t\t\t<\/a>\n\t\t\t\t\t\t\t<\/li>\n\t\t\t\t\t\t\t\t\t\t\t<\/ul>\n\t\t\t\t\t\t\t<\/div>\n\n\t\t\t<\/aside><aside id=\"custom_html-10\" class=\"widget_text widget widget_custom_html\"><div class=\"textwidget custom-html-widget\"><div id=\"TA_selfserveprop758\" class=\"TA_selfserveprop\">\r\n<ul id=\"xG80WL\" class=\"TA_links iSOMsGpwEpL\">\r\n<li id=\"LcoYmhG79Qf\" class=\"VmO1ek\">\r\n<a target=\"_blank\" href=\"http:\/\/www.tripadvisor.com\/\"><img decoding=\"async\" src=\"http:\/\/www.tripadvisor.com\/img\/cdsi\/img2\/branding\/150_logo-11900-2.png\" alt=\"TripAdvisor\"\/><\/a>\r\n<\/li>\r\n<\/ul>\r\n<\/div>\r\n<script src=\"http:\/\/www.jscache.com\/wejs?wtype=selfserveprop&amp;uniq=758&amp;locationId=8125590&amp;lang=en_US&amp;rating=false&amp;nreviews=3&amp;writereviewlink=true&amp;popIdx=true&amp;iswide=false&amp;border=false&amp;display_version=2\"><\/script><\/div><\/aside>\t\t\t\t<\/div>\n\t\t\t\t<\/div>\n\t\t\t\t\t<\/div>\n\t\t<\/div>\n\t\t\t\t\t<\/div>\n\t\t<\/section>\n\t\t\t\t<\/div>\n\t\t","protected":false},"excerpt":{"rendered":"<p>Pol\u00edtica de Privacidade e Dados Pessoais &#8211; aplic\u00e1vel aos Usu\u00e1rios deste Neg\u00f3cio de Hospitalidade ao fazer uma reserva Respons\u00e1vel pelo tratamento de dados (n\u00f3s): A Empresa de Hotelaria que lhe fornecer\u00e1 a si, o utilizador, o servi\u00e7o solicitado. A nossa identifica\u00e7\u00e3o e os nossos dados de contacto est\u00e3o dispon\u00edveis no s\u00edtio Web que utilizou para [&hellip;]<\/p>\n","protected":false},"author":1,"featured_media":0,"parent":0,"menu_order":21,"comment_status":"closed","ping_status":"closed","template":"elementor_header_footer","meta":{"site-sidebar-layout":"right-sidebar","site-content-layout":"page-builder","ast-site-content-layout":"default","site-content-style":"default","site-sidebar-style":"default","ast-global-header-display":"","ast-banner-title-visibility":"","ast-main-header-display":"","ast-hfb-above-header-display":"","ast-hfb-below-header-display":"","ast-hfb-mobile-header-display":"","site-post-title":"disabled","ast-breadcrumbs-content":"disabled","ast-featured-img":"disabled","footer-sml-layout":"","ast-disable-related-posts":"","theme-transparent-header-meta":"enabled","adv-header-id-meta":"","stick-header-meta":"default","header-above-stick-meta":"","header-main-stick-meta":"","header-below-stick-meta":"","astra-migrate-meta-layouts":"default","ast-page-background-enabled":"default","ast-page-background-meta":{"desktop":{"background-color":"","background-image":"","background-repeat":"repeat","background-position":"center center","background-size":"auto","background-attachment":"scroll","background-type":"","background-media":"","overlay-type":"","overlay-color":"","overlay-opacity":"","overlay-gradient":""},"tablet":{"background-color":"","background-image":"","background-repeat":"repeat","background-position":"center center","background-size":"auto","background-attachment":"scroll","background-type":"","background-media":"","overlay-type":"","overlay-color":"","overlay-opacity":"","overlay-gradient":""},"mobile":{"background-color":"","background-image":"","background-repeat":"repeat","background-position":"center center","background-size":"auto","background-attachment":"scroll","background-type":"","background-media":"","overlay-type":"","overlay-color":"","overlay-opacity":"","overlay-gradient":""}},"ast-content-background-meta":{"desktop":{"background-color":"var(--ast-global-color-5)","background-image":"","background-repeat":"repeat","background-position":"center center","background-size":"auto","background-attachment":"scroll","background-type":"","background-media":"","overlay-type":"","overlay-color":"","overlay-opacity":"","overlay-gradient":""},"tablet":{"background-color":"var(--ast-global-color-5)","background-image":"","background-repeat":"repeat","background-position":"center center","background-size":"auto","background-attachment":"scroll","background-type":"","background-media":"","overlay-type":"","overlay-color":"","overlay-opacity":"","overlay-gradient":""},"mobile":{"background-color":"var(--ast-global-color-5)","background-image":"","background-repeat":"repeat","background-position":"center center","background-size":"auto","background-attachment":"scroll","background-type":"","background-media":"","overlay-type":"","overlay-color":"","overlay-opacity":"","overlay-gradient":""}},"_joinchat":[],"footnotes":""},"class_list":["post-4331","page","type-page","status-publish","hentry"],"aioseo_notices":[],"_links":{"self":[{"href":"https:\/\/the7hotel.com\/pt-pt\/wp-json\/wp\/v2\/pages\/4331","targetHints":{"allow":["GET"]}}],"collection":[{"href":"https:\/\/the7hotel.com\/pt-pt\/wp-json\/wp\/v2\/pages"}],"about":[{"href":"https:\/\/the7hotel.com\/pt-pt\/wp-json\/wp\/v2\/types\/page"}],"author":[{"embeddable":true,"href":"https:\/\/the7hotel.com\/pt-pt\/wp-json\/wp\/v2\/users\/1"}],"replies":[{"embeddable":true,"href":"https:\/\/the7hotel.com\/pt-pt\/wp-json\/wp\/v2\/comments?post=4331"}],"version-history":[{"count":0,"href":"https:\/\/the7hotel.com\/pt-pt\/wp-json\/wp\/v2\/pages\/4331\/revisions"}],"wp:attachment":[{"href":"https:\/\/the7hotel.com\/pt-pt\/wp-json\/wp\/v2\/media?parent=4331"}],"curies":[{"name":"wp","href":"https:\/\/api.w.org\/{rel}","templated":true}]}}