{"id":4212,"date":"2021-07-30T17:38:34","date_gmt":"2021-07-30T16:38:34","guid":{"rendered":"http:\/\/the7hotel.com\/galeria\/"},"modified":"2024-02-08T11:48:55","modified_gmt":"2024-02-08T11:48:55","slug":"galeria","status":"publish","type":"page","link":"https:\/\/the7hotel.com\/pt-pt\/galeria\/","title":{"rendered":"Galeria"},"content":{"rendered":"\t\t<div data-elementor-type=\"wp-page\" data-elementor-id=\"4212\" class=\"elementor elementor-4212 elementor-2470\" data-elementor-post-type=\"page\">\n\t\t\t\t\t\t<section class=\"elementor-section elementor-top-section elementor-element elementor-element-4402d44 elementor-section-full_width elementor-section-height-min-height elementor-section-height-default elementor-section-items-middle\" data-id=\"4402d44\" data-element_type=\"section\" data-e-type=\"section\" data-settings=\"{&quot;background_background&quot;:&quot;classic&quot;}\">\n\t\t\t\t\t\t\t<div class=\"elementor-background-overlay\"><\/div>\n\t\t\t\t\t\t\t<div class=\"elementor-container elementor-column-gap-default\">\n\t\t\t\t\t<div class=\"elementor-column elementor-col-100 elementor-top-column elementor-element elementor-element-01c449a\" data-id=\"01c449a\" data-element_type=\"column\" data-e-type=\"column\">\n\t\t\t<div class=\"elementor-widget-wrap elementor-element-populated\">\n\t\t\t\t\t\t<div class=\"elementor-element elementor-element-183226b elementor-absolute elementor-widget elementor-widget-heading\" data-id=\"183226b\" data-element_type=\"widget\" data-e-type=\"widget\" data-settings=\"{&quot;_position&quot;:&quot;absolute&quot;}\" data-widget_type=\"heading.default\">\n\t\t\t\t<div class=\"elementor-widget-container\">\n\t\t\t\t\t<h1 class=\"elementor-heading-title elementor-size-default\">Galeria<\/h1>\t\t\t\t<\/div>\n\t\t\t\t<\/div>\n\t\t\t\t\t<\/div>\n\t\t<\/div>\n\t\t\t\t\t<\/div>\n\t\t<\/section>\n\t\t<div class=\"elementor-element elementor-element-9db35d8 e-flex e-con-boxed e-con e-parent\" data-id=\"9db35d8\" data-element_type=\"container\" data-e-type=\"container\">\n\t\t\t\t\t<div class=\"e-con-inner\">\n\t\t<div class=\"elementor-element elementor-element-5c0818a e-con-full e-flex e-con e-child\" data-id=\"5c0818a\" data-element_type=\"container\" data-e-type=\"container\">\n\t\t\t\t<div class=\"elementor-element elementor-element-ec3679a elementor-widget elementor-widget-text-editor\" data-id=\"ec3679a\" data-element_type=\"widget\" data-e-type=\"widget\" data-widget_type=\"text-editor.default\">\n\t\t\t\t<div class=\"elementor-widget-container\">\n\t\t\t\t\t\t\t\t\t<h2 style=\"text-align: center;\">Descubra cada recanto do nosso hotel atrav\u00e9s da nossa galeria.<\/h2>\n<p style=\"text-align: center;\">Conhe\u00e7a todos os servi\u00e7os que temos para lhe oferecer e deixe-se conquistar pela arte de bem receber do The 7 Hotel.<\/p>\n\t\t\t\t\t\t\t\t<\/div>\n\t\t\t\t<\/div>\n\t\t\t\t<div class=\"elementor-element elementor-element-b27cdeb elementor-skin-coverflow elementor-arrows-yes elementor-pagination-type-bullets elementor-pagination-position-outside elementor-widget elementor-widget-media-carousel\" data-id=\"b27cdeb\" data-element_type=\"widget\" data-e-type=\"widget\" data-settings=\"{&quot;skin&quot;:&quot;coverflow&quot;,&quot;slides_per_view&quot;:&quot;3&quot;,&quot;space_between&quot;:{&quot;unit&quot;:&quot;px&quot;,&quot;size&quot;:&quot;&quot;,&quot;sizes&quot;:[]},&quot;show_arrows&quot;:&quot;yes&quot;,&quot;pagination&quot;:&quot;bullets&quot;,&quot;speed&quot;:500,&quot;autoplay&quot;:&quot;yes&quot;,&quot;autoplay_speed&quot;:5000,&quot;loop&quot;:&quot;yes&quot;,&quot;pause_on_hover&quot;:&quot;yes&quot;,&quot;pause_on_interaction&quot;:&quot;yes&quot;,&quot;space_between_tablet&quot;:{&quot;unit&quot;:&quot;px&quot;,&quot;size&quot;:10,&quot;sizes&quot;:[]},&quot;space_between_mobile&quot;:{&quot;unit&quot;:&quot;px&quot;,&quot;size&quot;:10,&quot;sizes&quot;:[]}}\" data-widget_type=\"media-carousel.default\">\n\t\t\t\t<div class=\"elementor-widget-container\">\n\t\t\t\t\t\t\t\t\t<div class=\"elementor-swiper\">\n\t\t\t\t\t<div class=\"elementor-main-swiper swiper\" role=\"region\" aria-roledescription=\"carousel\" aria-label=\"Slides\">\n\t\t\t\t<div class=\"swiper-wrapper\">\n\t\t\t\t\t\t\t\t\t\t\t<div class=\"swiper-slide\" role=\"group\" aria-roledescription=\"slide\">\n\t\t\t\t\t\t\t<a href=\"https:\/\/the7hotel.com\/wp-content\/uploads\/2023\/03\/the7hotel_facade.webp\" data-elementor-open-lightbox=\"yes\" data-elementor-lightbox-slideshow=\"b27cdeb\" data-elementor-lightbox-title=\"the7hotel_facade\" data-e-action-hash=\"#elementor-action%3Aaction%3Dlightbox%26settings%3DeyJpZCI6NDAxMCwidXJsIjoiaHR0cHM6XC9cL3RoZTdob3RlbC5jb21cL3dwLWNvbnRlbnRcL3VwbG9hZHNcLzIwMjNcLzAzXC90aGU3aG90ZWxfZmFjYWRlLndlYnAiLCJzbGlkZXNob3ciOiJiMjdjZGViIn0%3D\">\t\t<div class=\"elementor-carousel-image\" role=\"img\" aria-label=\"the7hotel_facade\" style=\"background-image: url(&#039;https:\/\/the7hotel.com\/wp-content\/uploads\/2023\/03\/the7hotel_facade.webp&#039;)\">\n\n\t\t\t\n\t\t\t\t\t<\/div>\n\t\t<\/a>\t\t\t\t\t\t<\/div>\n\t\t\t\t\t\t\t\t\t\t\t<div class=\"swiper-slide\" role=\"group\" aria-roledescription=\"slide\">\n\t\t\t\t\t\t\t<a href=\"https:\/\/the7hotel.com\/wp-content\/uploads\/2023\/03\/the7hotel_street_view2.webp\" data-elementor-open-lightbox=\"yes\" data-elementor-lightbox-slideshow=\"b27cdeb\" data-elementor-lightbox-title=\"the7hotel_street_view2\" data-e-action-hash=\"#elementor-action%3Aaction%3Dlightbox%26settings%3DeyJpZCI6NDAyMiwidXJsIjoiaHR0cHM6XC9cL3RoZTdob3RlbC5jb21cL3dwLWNvbnRlbnRcL3VwbG9hZHNcLzIwMjNcLzAzXC90aGU3aG90ZWxfc3RyZWV0X3ZpZXcyLndlYnAiLCJzbGlkZXNob3ciOiJiMjdjZGViIn0%3D\">\t\t<div class=\"elementor-carousel-image\" role=\"img\" aria-label=\"the7hotel_street_view2\" style=\"background-image: url(&#039;https:\/\/the7hotel.com\/wp-content\/uploads\/2023\/03\/the7hotel_street_view2.webp&#039;)\">\n\n\t\t\t\n\t\t\t\t\t<\/div>\n\t\t<\/a>\t\t\t\t\t\t<\/div>\n\t\t\t\t\t\t\t\t\t\t\t<div class=\"swiper-slide\" role=\"group\" aria-roledescription=\"slide\">\n\t\t\t\t\t\t\t<a href=\"https:\/\/the7hotel.com\/wp-content\/uploads\/2023\/03\/the7hotel_street_view.webp\" data-elementor-open-lightbox=\"yes\" data-elementor-lightbox-slideshow=\"b27cdeb\" data-elementor-lightbox-title=\"the7hotel_street_view\" data-e-action-hash=\"#elementor-action%3Aaction%3Dlightbox%26settings%3DeyJpZCI6NDAyMCwidXJsIjoiaHR0cHM6XC9cL3RoZTdob3RlbC5jb21cL3dwLWNvbnRlbnRcL3VwbG9hZHNcLzIwMjNcLzAzXC90aGU3aG90ZWxfc3RyZWV0X3ZpZXcud2VicCIsInNsaWRlc2hvdyI6ImIyN2NkZWIifQ%3D%3D\">\t\t<div class=\"elementor-carousel-image\" role=\"img\" aria-label=\"the7hotel_street_view\" style=\"background-image: url(&#039;https:\/\/the7hotel.com\/wp-content\/uploads\/2023\/03\/the7hotel_street_view.webp&#039;)\">\n\n\t\t\t\n\t\t\t\t\t<\/div>\n\t\t<\/a>\t\t\t\t\t\t<\/div>\n\t\t\t\t\t\t\t\t\t\t\t<div class=\"swiper-slide\" role=\"group\" aria-roledescription=\"slide\">\n\t\t\t\t\t\t\t<a href=\"https:\/\/the7hotel.com\/wp-content\/uploads\/2023\/03\/the7hotel_window.webp\" data-elementor-open-lightbox=\"yes\" data-elementor-lightbox-slideshow=\"b27cdeb\" data-elementor-lightbox-title=\"the7hotel_window\" data-e-action-hash=\"#elementor-action%3Aaction%3Dlightbox%26settings%3DeyJpZCI6NDAyNCwidXJsIjoiaHR0cHM6XC9cL3RoZTdob3RlbC5jb21cL3dwLWNvbnRlbnRcL3VwbG9hZHNcLzIwMjNcLzAzXC90aGU3aG90ZWxfd2luZG93LndlYnAiLCJzbGlkZXNob3ciOiJiMjdjZGViIn0%3D\">\t\t<div class=\"elementor-carousel-image\" role=\"img\" aria-label=\"the7hotel_window\" style=\"background-image: url(&#039;https:\/\/the7hotel.com\/wp-content\/uploads\/2023\/03\/the7hotel_window.webp&#039;)\">\n\n\t\t\t\n\t\t\t\t\t<\/div>\n\t\t<\/a>\t\t\t\t\t\t<\/div>\n\t\t\t\t\t\t\t\t\t\t\t<div class=\"swiper-slide\" role=\"group\" aria-roledescription=\"slide\">\n\t\t\t\t\t\t\t<a href=\"https:\/\/the7hotel.com\/wp-content\/uploads\/2023\/03\/the7hotel_self_checkin.webp\" data-elementor-open-lightbox=\"yes\" data-elementor-lightbox-slideshow=\"b27cdeb\" data-elementor-lightbox-title=\"the7hotel_self_checkin\" data-e-action-hash=\"#elementor-action%3Aaction%3Dlightbox%26settings%3DeyJpZCI6NDAxOCwidXJsIjoiaHR0cHM6XC9cL3RoZTdob3RlbC5jb21cL3dwLWNvbnRlbnRcL3VwbG9hZHNcLzIwMjNcLzAzXC90aGU3aG90ZWxfc2VsZl9jaGVja2luLndlYnAiLCJzbGlkZXNob3ciOiJiMjdjZGViIn0%3D\">\t\t<div class=\"elementor-carousel-image\" role=\"img\" aria-label=\"the7hotel_self_checkin\" style=\"background-image: url(&#039;https:\/\/the7hotel.com\/wp-content\/uploads\/2023\/03\/the7hotel_self_checkin.webp&#039;)\">\n\n\t\t\t\n\t\t\t\t\t<\/div>\n\t\t<\/a>\t\t\t\t\t\t<\/div>\n\t\t\t\t\t\t\t\t\t\t\t<div class=\"swiper-slide\" role=\"group\" aria-roledescription=\"slide\">\n\t\t\t\t\t\t\t<a href=\"https:\/\/the7hotel.com\/wp-content\/uploads\/2023\/03\/the7hotel_reception.webp\" data-elementor-open-lightbox=\"yes\" data-elementor-lightbox-slideshow=\"b27cdeb\" data-elementor-lightbox-title=\"the7hotel_reception\" data-e-action-hash=\"#elementor-action%3Aaction%3Dlightbox%26settings%3DeyJpZCI6NDAxNCwidXJsIjoiaHR0cHM6XC9cL3RoZTdob3RlbC5jb21cL3dwLWNvbnRlbnRcL3VwbG9hZHNcLzIwMjNcLzAzXC90aGU3aG90ZWxfcmVjZXB0aW9uLndlYnAiLCJzbGlkZXNob3ciOiJiMjdjZGViIn0%3D\">\t\t<div class=\"elementor-carousel-image\" role=\"img\" aria-label=\"the7hotel_reception\" style=\"background-image: url(&#039;https:\/\/the7hotel.com\/wp-content\/uploads\/2023\/03\/the7hotel_reception.webp&#039;)\">\n\n\t\t\t\n\t\t\t\t\t<\/div>\n\t\t<\/a>\t\t\t\t\t\t<\/div>\n\t\t\t\t\t\t\t\t\t\t\t<div class=\"swiper-slide\" role=\"group\" aria-roledescription=\"slide\">\n\t\t\t\t\t\t\t<a href=\"https:\/\/the7hotel.com\/wp-content\/uploads\/2023\/03\/the7hotel_lobby.webp\" data-elementor-open-lightbox=\"yes\" data-elementor-lightbox-slideshow=\"b27cdeb\" data-elementor-lightbox-title=\"the7hotel_lobby\" data-e-action-hash=\"#elementor-action%3Aaction%3Dlightbox%26settings%3DeyJpZCI6NDAxMiwidXJsIjoiaHR0cHM6XC9cL3RoZTdob3RlbC5jb21cL3dwLWNvbnRlbnRcL3VwbG9hZHNcLzIwMjNcLzAzXC90aGU3aG90ZWxfbG9iYnkud2VicCIsInNsaWRlc2hvdyI6ImIyN2NkZWIifQ%3D%3D\">\t\t<div class=\"elementor-carousel-image\" role=\"img\" aria-label=\"the7hotel_lobby\" style=\"background-image: url(&#039;https:\/\/the7hotel.com\/wp-content\/uploads\/2023\/03\/the7hotel_lobby.webp&#039;)\">\n\n\t\t\t\n\t\t\t\t\t<\/div>\n\t\t<\/a>\t\t\t\t\t\t<\/div>\n\t\t\t\t\t\t\t\t\t\t\t<div class=\"swiper-slide\" role=\"group\" aria-roledescription=\"slide\">\n\t\t\t\t\t\t\t<a href=\"https:\/\/the7hotel.com\/wp-content\/uploads\/2023\/03\/the7hotel_wine_dispenser.webp\" data-elementor-open-lightbox=\"yes\" data-elementor-lightbox-slideshow=\"b27cdeb\" data-elementor-lightbox-title=\"the7hotel_wine_dispenser\" data-e-action-hash=\"#elementor-action%3Aaction%3Dlightbox%26settings%3DeyJpZCI6NDAyNywidXJsIjoiaHR0cHM6XC9cL3RoZTdob3RlbC5jb21cL3dwLWNvbnRlbnRcL3VwbG9hZHNcLzIwMjNcLzAzXC90aGU3aG90ZWxfd2luZV9kaXNwZW5zZXIud2VicCIsInNsaWRlc2hvdyI6ImIyN2NkZWIifQ%3D%3D\">\t\t<div class=\"elementor-carousel-image\" role=\"img\" aria-label=\"the7hotel_wine_dispenser\" style=\"background-image: url(&#039;https:\/\/the7hotel.com\/wp-content\/uploads\/2023\/03\/the7hotel_wine_dispenser.webp&#039;)\">\n\n\t\t\t\n\t\t\t\t\t<\/div>\n\t\t<\/a>\t\t\t\t\t\t<\/div>\n\t\t\t\t\t\t\t\t\t\t\t<div class=\"swiper-slide\" role=\"group\" aria-roledescription=\"slide\">\n\t\t\t\t\t\t\t<a href=\"https:\/\/the7hotel.com\/wp-content\/uploads\/2023\/03\/the7hotel_room_door.webp\" data-elementor-open-lightbox=\"yes\" data-elementor-lightbox-slideshow=\"b27cdeb\" data-elementor-lightbox-title=\"the7hotel_room_door\" data-e-action-hash=\"#elementor-action%3Aaction%3Dlightbox%26settings%3DeyJpZCI6NDAxNiwidXJsIjoiaHR0cHM6XC9cL3RoZTdob3RlbC5jb21cL3dwLWNvbnRlbnRcL3VwbG9hZHNcLzIwMjNcLzAzXC90aGU3aG90ZWxfcm9vbV9kb29yLndlYnAiLCJzbGlkZXNob3ciOiJiMjdjZGViIn0%3D\">\t\t<div class=\"elementor-carousel-image\" role=\"img\" aria-label=\"the7hotel_room_door\" style=\"background-image: url(&#039;https:\/\/the7hotel.com\/wp-content\/uploads\/2023\/03\/the7hotel_room_door.webp&#039;)\">\n\n\t\t\t\n\t\t\t\t\t<\/div>\n\t\t<\/a>\t\t\t\t\t\t<\/div>\n\t\t\t\t\t\t\t\t\t\t\t<div class=\"swiper-slide\" role=\"group\" aria-roledescription=\"slide\">\n\t\t\t\t\t\t\t<a href=\"https:\/\/the7hotel.com\/wp-content\/uploads\/2023\/03\/the7hotel_decor3.webp\" data-elementor-open-lightbox=\"yes\" data-elementor-lightbox-slideshow=\"b27cdeb\" data-elementor-lightbox-title=\"the7hotel_decor3\" data-e-action-hash=\"#elementor-action%3Aaction%3Dlightbox%26settings%3DeyJpZCI6NDAwOCwidXJsIjoiaHR0cHM6XC9cL3RoZTdob3RlbC5jb21cL3dwLWNvbnRlbnRcL3VwbG9hZHNcLzIwMjNcLzAzXC90aGU3aG90ZWxfZGVjb3IzLndlYnAiLCJzbGlkZXNob3ciOiJiMjdjZGViIn0%3D\">\t\t<div class=\"elementor-carousel-image\" role=\"img\" aria-label=\"the7hotel_decor3\" style=\"background-image: url(&#039;https:\/\/the7hotel.com\/wp-content\/uploads\/2023\/03\/the7hotel_decor3.webp&#039;)\">\n\n\t\t\t\n\t\t\t\t\t<\/div>\n\t\t<\/a>\t\t\t\t\t\t<\/div>\n\t\t\t\t\t\t\t\t\t\t\t<div class=\"swiper-slide\" role=\"group\" aria-roledescription=\"slide\">\n\t\t\t\t\t\t\t<a href=\"https:\/\/the7hotel.com\/wp-content\/uploads\/2023\/03\/the7hotel_decor2.webp\" data-elementor-open-lightbox=\"yes\" data-elementor-lightbox-slideshow=\"b27cdeb\" data-elementor-lightbox-title=\"the7hotel_decor2\" data-e-action-hash=\"#elementor-action%3Aaction%3Dlightbox%26settings%3DeyJpZCI6NDAwNiwidXJsIjoiaHR0cHM6XC9cL3RoZTdob3RlbC5jb21cL3dwLWNvbnRlbnRcL3VwbG9hZHNcLzIwMjNcLzAzXC90aGU3aG90ZWxfZGVjb3IyLndlYnAiLCJzbGlkZXNob3ciOiJiMjdjZGViIn0%3D\">\t\t<div class=\"elementor-carousel-image\" role=\"img\" aria-label=\"the7hotel_decor2\" style=\"background-image: url(&#039;https:\/\/the7hotel.com\/wp-content\/uploads\/2023\/03\/the7hotel_decor2.webp&#039;)\">\n\n\t\t\t\n\t\t\t\t\t<\/div>\n\t\t<\/a>\t\t\t\t\t\t<\/div>\n\t\t\t\t\t\t\t\t\t\t\t<div class=\"swiper-slide\" role=\"group\" aria-roledescription=\"slide\">\n\t\t\t\t\t\t\t<a href=\"https:\/\/the7hotel.com\/wp-content\/uploads\/2023\/03\/the7hotel_decor.webp\" data-elementor-open-lightbox=\"yes\" data-elementor-lightbox-slideshow=\"b27cdeb\" data-elementor-lightbox-title=\"the7hotel_decor\" data-e-action-hash=\"#elementor-action%3Aaction%3Dlightbox%26settings%3DeyJpZCI6NDAwNCwidXJsIjoiaHR0cHM6XC9cL3RoZTdob3RlbC5jb21cL3dwLWNvbnRlbnRcL3VwbG9hZHNcLzIwMjNcLzAzXC90aGU3aG90ZWxfZGVjb3Iud2VicCIsInNsaWRlc2hvdyI6ImIyN2NkZWIifQ%3D%3D\">\t\t<div class=\"elementor-carousel-image\" role=\"img\" aria-label=\"the7hotel_decor\" style=\"background-image: url(&#039;https:\/\/the7hotel.com\/wp-content\/uploads\/2023\/03\/the7hotel_decor.webp&#039;)\">\n\n\t\t\t\n\t\t\t\t\t<\/div>\n\t\t<\/a>\t\t\t\t\t\t<\/div>\n\t\t\t\t\t\t\t\t\t\t\t<div class=\"swiper-slide\" role=\"group\" aria-roledescription=\"slide\">\n\t\t\t\t\t\t\t<a href=\"https:\/\/the7hotel.com\/wp-content\/uploads\/2023\/03\/the7hotel_breakfast_room2.webp\" data-elementor-open-lightbox=\"yes\" data-elementor-lightbox-slideshow=\"b27cdeb\" data-elementor-lightbox-title=\"the7hotel_breakfast_room2\" data-e-action-hash=\"#elementor-action%3Aaction%3Dlightbox%26settings%3DeyJpZCI6NDAwMiwidXJsIjoiaHR0cHM6XC9cL3RoZTdob3RlbC5jb21cL3dwLWNvbnRlbnRcL3VwbG9hZHNcLzIwMjNcLzAzXC90aGU3aG90ZWxfYnJlYWtmYXN0X3Jvb20yLndlYnAiLCJzbGlkZXNob3ciOiJiMjdjZGViIn0%3D\">\t\t<div class=\"elementor-carousel-image\" role=\"img\" aria-label=\"the7hotel_breakfast_room2\" style=\"background-image: url(&#039;https:\/\/the7hotel.com\/wp-content\/uploads\/2023\/03\/the7hotel_breakfast_room2.webp&#039;)\">\n\n\t\t\t\n\t\t\t\t\t<\/div>\n\t\t<\/a>\t\t\t\t\t\t<\/div>\n\t\t\t\t\t\t\t\t\t\t\t<div class=\"swiper-slide\" role=\"group\" aria-roledescription=\"slide\">\n\t\t\t\t\t\t\t<a href=\"https:\/\/the7hotel.com\/wp-content\/uploads\/2023\/03\/the7hotel_breakfast_room.webp\" data-elementor-open-lightbox=\"yes\" data-elementor-lightbox-slideshow=\"b27cdeb\" data-elementor-lightbox-title=\"the7hotel_breakfast_room\" data-e-action-hash=\"#elementor-action%3Aaction%3Dlightbox%26settings%3DeyJpZCI6NDAwMCwidXJsIjoiaHR0cHM6XC9cL3RoZTdob3RlbC5jb21cL3dwLWNvbnRlbnRcL3VwbG9hZHNcLzIwMjNcLzAzXC90aGU3aG90ZWxfYnJlYWtmYXN0X3Jvb20ud2VicCIsInNsaWRlc2hvdyI6ImIyN2NkZWIifQ%3D%3D\">\t\t<div class=\"elementor-carousel-image\" role=\"img\" aria-label=\"the7hotel_breakfast_room\" style=\"background-image: url(&#039;https:\/\/the7hotel.com\/wp-content\/uploads\/2023\/03\/the7hotel_breakfast_room.webp&#039;)\">\n\n\t\t\t\n\t\t\t\t\t<\/div>\n\t\t<\/a>\t\t\t\t\t\t<\/div>\n\t\t\t\t\t\t\t\t\t\t\t<div class=\"swiper-slide\" role=\"group\" aria-roledescription=\"slide\">\n\t\t\t\t\t\t\t<a href=\"https:\/\/the7hotel.com\/wp-content\/uploads\/2023\/03\/the7hotel_breakfast_food3.webp\" data-elementor-open-lightbox=\"yes\" data-elementor-lightbox-slideshow=\"b27cdeb\" data-elementor-lightbox-title=\"the7hotel_breakfast_food3\" data-e-action-hash=\"#elementor-action%3Aaction%3Dlightbox%26settings%3DeyJpZCI6Mzk5NiwidXJsIjoiaHR0cHM6XC9cL3RoZTdob3RlbC5jb21cL3dwLWNvbnRlbnRcL3VwbG9hZHNcLzIwMjNcLzAzXC90aGU3aG90ZWxfYnJlYWtmYXN0X2Zvb2QzLndlYnAiLCJzbGlkZXNob3ciOiJiMjdjZGViIn0%3D\">\t\t<div class=\"elementor-carousel-image\" role=\"img\" aria-label=\"the7hotel_breakfast_food3\" style=\"background-image: url(&#039;https:\/\/the7hotel.com\/wp-content\/uploads\/2023\/03\/the7hotel_breakfast_food3.webp&#039;)\">\n\n\t\t\t\n\t\t\t\t\t<\/div>\n\t\t<\/a>\t\t\t\t\t\t<\/div>\n\t\t\t\t\t\t\t\t\t\t\t<div class=\"swiper-slide\" role=\"group\" aria-roledescription=\"slide\">\n\t\t\t\t\t\t\t<a href=\"https:\/\/the7hotel.com\/wp-content\/uploads\/2023\/03\/the7hotel_breakfast_food2.webp\" data-elementor-open-lightbox=\"yes\" data-elementor-lightbox-slideshow=\"b27cdeb\" data-elementor-lightbox-title=\"the7hotel_breakfast_food2\" data-e-action-hash=\"#elementor-action%3Aaction%3Dlightbox%26settings%3DeyJpZCI6Mzk5NCwidXJsIjoiaHR0cHM6XC9cL3RoZTdob3RlbC5jb21cL3dwLWNvbnRlbnRcL3VwbG9hZHNcLzIwMjNcLzAzXC90aGU3aG90ZWxfYnJlYWtmYXN0X2Zvb2QyLndlYnAiLCJzbGlkZXNob3ciOiJiMjdjZGViIn0%3D\">\t\t<div class=\"elementor-carousel-image\" role=\"img\" aria-label=\"the7hotel_breakfast_food2\" style=\"background-image: url(&#039;https:\/\/the7hotel.com\/wp-content\/uploads\/2023\/03\/the7hotel_breakfast_food2.webp&#039;)\">\n\n\t\t\t\n\t\t\t\t\t<\/div>\n\t\t<\/a>\t\t\t\t\t\t<\/div>\n\t\t\t\t\t\t\t\t\t\t\t<div class=\"swiper-slide\" role=\"group\" aria-roledescription=\"slide\">\n\t\t\t\t\t\t\t<a href=\"https:\/\/the7hotel.com\/wp-content\/uploads\/2023\/03\/the7hotel_breakfast_food.webp\" data-elementor-open-lightbox=\"yes\" data-elementor-lightbox-slideshow=\"b27cdeb\" data-elementor-lightbox-title=\"the7hotel_breakfast_food\" data-e-action-hash=\"#elementor-action%3Aaction%3Dlightbox%26settings%3DeyJpZCI6Mzk5MiwidXJsIjoiaHR0cHM6XC9cL3RoZTdob3RlbC5jb21cL3dwLWNvbnRlbnRcL3VwbG9hZHNcLzIwMjNcLzAzXC90aGU3aG90ZWxfYnJlYWtmYXN0X2Zvb2Qud2VicCIsInNsaWRlc2hvdyI6ImIyN2NkZWIifQ%3D%3D\">\t\t<div class=\"elementor-carousel-image\" role=\"img\" aria-label=\"the7hotel_breakfast_food\" style=\"background-image: url(&#039;https:\/\/the7hotel.com\/wp-content\/uploads\/2023\/03\/the7hotel_breakfast_food.webp&#039;)\">\n\n\t\t\t\n\t\t\t\t\t<\/div>\n\t\t<\/a>\t\t\t\t\t\t<\/div>\n\t\t\t\t\t\t\t\t\t\t\t<div class=\"swiper-slide\" role=\"group\" aria-roledescription=\"slide\">\n\t\t\t\t\t\t\t<a href=\"https:\/\/the7hotel.com\/wp-content\/uploads\/2023\/03\/the7hotel_breakfast_pankake_dispenser.webp\" data-elementor-open-lightbox=\"yes\" data-elementor-lightbox-slideshow=\"b27cdeb\" data-elementor-lightbox-title=\"the7hotel_breakfast_pankake_dispenser\" data-e-action-hash=\"#elementor-action%3Aaction%3Dlightbox%26settings%3DeyJpZCI6Mzk5OCwidXJsIjoiaHR0cHM6XC9cL3RoZTdob3RlbC5jb21cL3dwLWNvbnRlbnRcL3VwbG9hZHNcLzIwMjNcLzAzXC90aGU3aG90ZWxfYnJlYWtmYXN0X3Bhbmtha2VfZGlzcGVuc2VyLndlYnAiLCJzbGlkZXNob3ciOiJiMjdjZGViIn0%3D\">\t\t<div class=\"elementor-carousel-image\" role=\"img\" aria-label=\"the7hotel_breakfast_pankake_dispenser\" style=\"background-image: url(&#039;https:\/\/the7hotel.com\/wp-content\/uploads\/2023\/03\/the7hotel_breakfast_pankake_dispenser.webp&#039;)\">\n\n\t\t\t\n\t\t\t\t\t<\/div>\n\t\t<\/a>\t\t\t\t\t\t<\/div>\n\t\t\t\t\t\t\t\t\t<\/div>\n\t\t\t\t\t\t\t\t\t\t\t\t\t\t\t<div class=\"elementor-swiper-button elementor-swiper-button-prev\" role=\"button\" tabindex=\"0\" aria-label=\"Anterior\">\n\t\t\t\t\t\t\t<i aria-hidden=\"true\" class=\"eicon-chevron-left\"><\/i>\t\t\t\t\t\t<\/div>\n\t\t\t\t\t\t<div class=\"elementor-swiper-button elementor-swiper-button-next\" role=\"button\" tabindex=\"0\" aria-label=\"Next\">\n\t\t\t\t\t\t\t<i aria-hidden=\"true\" class=\"eicon-chevron-right\"><\/i>\t\t\t\t\t\t<\/div>\n\t\t\t\t\t\t\t\t\t\t\t\t\t\t\t\t<div class=\"swiper-pagination\"><\/div>\n\t\t\t\t\t\t\t\t\t\t\t\t<\/div>\n\t\t\t\t<\/div>\n\t\t\t\t\t\t\t\t<\/div>\n\t\t\t\t<\/div>\n\t\t\t\t<\/div>\n\t\t\t\t\t<\/div>\n\t\t\t\t<\/div>\n\t\t\t\t<\/div>\n\t\t","protected":false},"excerpt":{"rendered":"<p>Descubra cada recanto do nosso hotel atrav\u00e9s da nossa galeria. Conhe\u00e7a todos os servi\u00e7os que temos para lhe oferecer e deixe-se conquistar pela arte de bem receber do The 7 Hotel. Previous Next<\/p>\n","protected":false},"author":1,"featured_media":0,"parent":0,"menu_order":3,"comment_status":"closed","ping_status":"closed","template":"","meta":{"site-sidebar-layout":"no-sidebar","site-content-layout":"page-builder","ast-site-content-layout":"full-width-container","site-content-style":"unboxed","site-sidebar-style":"unboxed","ast-global-header-display":"","ast-banner-title-visibility":"","ast-main-header-display":"","ast-hfb-above-header-display":"","ast-hfb-below-header-display":"","ast-hfb-mobile-header-display":"","site-post-title":"disabled","ast-breadcrumbs-content":"disabled","ast-featured-img":"disabled","footer-sml-layout":"","ast-disable-related-posts":"","theme-transparent-header-meta":"enabled","adv-header-id-meta":"","stick-header-meta":"default","header-above-stick-meta":"","header-main-stick-meta":"","header-below-stick-meta":"","astra-migrate-meta-layouts":"set","ast-page-background-enabled":"default","ast-page-background-meta":{"desktop":{"background-color":"","background-image":"","background-repeat":"repeat","background-position":"center center","background-size":"auto","background-attachment":"scroll","background-type":"","background-media":"","overlay-type":"","overlay-color":"","overlay-opacity":"","overlay-gradient":""},"tablet":{"background-color":"","background-image":"","background-repeat":"repeat","background-position":"center center","background-size":"auto","background-attachment":"scroll","background-type":"","background-media":"","overlay-type":"","overlay-color":"","overlay-opacity":"","overlay-gradient":""},"mobile":{"background-color":"","background-image":"","background-repeat":"repeat","background-position":"center center","background-size":"auto","background-attachment":"scroll","background-type":"","background-media":"","overlay-type":"","overlay-color":"","overlay-opacity":"","overlay-gradient":""}},"ast-content-background-meta":{"desktop":{"background-color":"var(--ast-global-color-5)","background-image":"","background-repeat":"repeat","background-position":"center center","background-size":"auto","background-attachment":"scroll","background-type":"","background-media":"","overlay-type":"","overlay-color":"","overlay-opacity":"","overlay-gradient":""},"tablet":{"background-color":"var(--ast-global-color-5)","background-image":"","background-repeat":"repeat","background-position":"center center","background-size":"auto","background-attachment":"scroll","background-type":"","background-media":"","overlay-type":"","overlay-color":"","overlay-opacity":"","overlay-gradient":""},"mobile":{"background-color":"var(--ast-global-color-5)","background-image":"","background-repeat":"repeat","background-position":"center center","background-size":"auto","background-attachment":"scroll","background-type":"","background-media":"","overlay-type":"","overlay-color":"","overlay-opacity":"","overlay-gradient":""}},"_joinchat":[],"footnotes":""},"class_list":["post-4212","page","type-page","status-publish","hentry"],"aioseo_notices":[],"_links":{"self":[{"href":"https:\/\/the7hotel.com\/pt-pt\/wp-json\/wp\/v2\/pages\/4212","targetHints":{"allow":["GET"]}}],"collection":[{"href":"https:\/\/the7hotel.com\/pt-pt\/wp-json\/wp\/v2\/pages"}],"about":[{"href":"https:\/\/the7hotel.com\/pt-pt\/wp-json\/wp\/v2\/types\/page"}],"author":[{"embeddable":true,"href":"https:\/\/the7hotel.com\/pt-pt\/wp-json\/wp\/v2\/users\/1"}],"replies":[{"embeddable":true,"href":"https:\/\/the7hotel.com\/pt-pt\/wp-json\/wp\/v2\/comments?post=4212"}],"version-history":[{"count":0,"href":"https:\/\/the7hotel.com\/pt-pt\/wp-json\/wp\/v2\/pages\/4212\/revisions"}],"wp:attachment":[{"href":"https:\/\/the7hotel.com\/pt-pt\/wp-json\/wp\/v2\/media?parent=4212"}],"curies":[{"name":"wp","href":"https:\/\/api.w.org\/{rel}","templated":true}]}}