{"id":4165,"date":"2021-07-30T17:50:22","date_gmt":"2021-07-30T16:50:22","guid":{"rendered":"http:\/\/the7hotel.com\/covid19\/"},"modified":"2023-07-10T10:49:09","modified_gmt":"2023-07-10T09:49:09","slug":"covid19","status":"publish","type":"page","link":"https:\/\/the7hotel.com\/pt-pt\/covid19\/","title":{"rendered":"Covid19"},"content":{"rendered":"\t\t<div data-elementor-type=\"wp-page\" data-elementor-id=\"4165\" class=\"elementor elementor-4165 elementor-2478\" data-elementor-post-type=\"page\">\n\t\t\t\t\t\t<section class=\"elementor-section elementor-top-section elementor-element elementor-element-ff21f4b elementor-section-full_width elementor-section-height-min-height elementor-section-height-default elementor-section-items-middle\" data-id=\"ff21f4b\" data-element_type=\"section\" data-e-type=\"section\" data-settings=\"{&quot;background_background&quot;:&quot;classic&quot;}\">\n\t\t\t\t\t\t\t<div class=\"elementor-background-overlay\"><\/div>\n\t\t\t\t\t\t\t<div class=\"elementor-container elementor-column-gap-default\">\n\t\t\t\t\t<div class=\"elementor-column elementor-col-100 elementor-top-column elementor-element elementor-element-54da635\" data-id=\"54da635\" data-element_type=\"column\" data-e-type=\"column\">\n\t\t\t<div class=\"elementor-widget-wrap elementor-element-populated\">\n\t\t\t\t\t\t<div class=\"elementor-element elementor-element-a14b1c1 elementor-absolute elementor-widget elementor-widget-heading\" data-id=\"a14b1c1\" data-element_type=\"widget\" data-e-type=\"widget\" data-settings=\"{&quot;_position&quot;:&quot;absolute&quot;}\" data-widget_type=\"heading.default\">\n\t\t\t\t<div class=\"elementor-widget-container\">\n\t\t\t\t\t<h1 class=\"elementor-heading-title elementor-size-default\">Covid19<\/h1>\t\t\t\t<\/div>\n\t\t\t\t<\/div>\n\t\t\t\t\t<\/div>\n\t\t<\/div>\n\t\t\t\t\t<\/div>\n\t\t<\/section>\n\t\t\t\t<section class=\"elementor-section elementor-top-section elementor-element elementor-element-18689fd6 elementor-section-boxed elementor-section-height-default elementor-section-height-default\" data-id=\"18689fd6\" data-element_type=\"section\" data-e-type=\"section\">\n\t\t\t\t\t\t<div class=\"elementor-container elementor-column-gap-default\">\n\t\t\t\t\t<div class=\"elementor-column elementor-col-100 elementor-top-column elementor-element elementor-element-bdea650\" data-id=\"bdea650\" data-element_type=\"column\" data-e-type=\"column\">\n\t\t\t<div class=\"elementor-widget-wrap elementor-element-populated\">\n\t\t\t\t\t\t<div class=\"elementor-element elementor-element-10ce0654 elementor-widget elementor-widget-text-editor\" data-id=\"10ce0654\" data-element_type=\"widget\" data-e-type=\"widget\" data-widget_type=\"text-editor.default\">\n\t\t\t\t<div class=\"elementor-widget-container\">\n\t\t\t\t\t\t\t\t\t<h2><strong>Plano de Conting\u00eancia e procedimentos &#8220;Clean &amp; Safe&#8221;<\/strong><\/h2>\n<p>O contexto atual relacionado com a crise pand\u00e9mica COVID-19 obrigou-nos a adotar medidas extraordin\u00e1rias em defesa da sa\u00fade p\u00fablica e cumprimento das diretivas da Dire\u00e7\u00e3o-Geral da Sa\u00fade e do Governo da Rep\u00fablica Portuguesa.<\/p>\n<p>No The 7 Hotel foi elaborado um plano e cumprimos os procedimentos \u201cClean &amp; Safe\u201d exigidos, que nos permitem garantir a higiene e seguran\u00e7a dos nossos Clientes e Colaboradores.<\/p>\n<p>Al\u00e9m do uso de m\u00e1scara e respeito ao distanciamento social, todos os Colaboradores receberam informa\u00e7\u00f5es e\/ou treinamento espec\u00edfico sobre o Protocolo Interno sobre o surto de coronav\u00edrus COVID-19 e como cumprir os cuidados b\u00e1sicos de preven\u00e7\u00e3o e controle de cont\u00e1gio em rela\u00e7\u00e3o ao surto . , incluindo procedimentos de higiene das m\u00e3os, etiqueta respirat\u00f3ria e conduta social.<\/p>\n<p>O 7 Hotel disp\u00f5e de equipamentos de prote\u00e7\u00e3o individual, materiais de limpeza, equipamentos de higiene pessoal e local de isolamento. Assegura a lavagem e desinfe\u00e7\u00e3o dos locais por onde circulam colaboradores e clientes e o refor\u00e7o da higiene na zona de pequenos-almo\u00e7os. O protocolo de limpeza e higieniza\u00e7\u00e3o garante cuidados espec\u00edficos com a roupa e limpeza dos quartos, e a opera\u00e7\u00e3o garante que consegue ativar todos os procedimentos indicados pela DGS.<\/p>\n<p>Passamos a inform\u00e1-lo de algumas das principais medidas:<\/p>\n<h3><strong>Entrada no Hotel \u2013 Chegadas:<\/strong><\/h3>\n<ul>\n<li>Verificaremos a temperatura corporal de quem entrar no Hotel<\/li>\n<li>A bagagem \u00e9 desinfetada \u00e0 chegada e s\u00f3 \u00e9 manuseada pelo cliente;<\/li>\n<li>Organizaremos o servi\u00e7o de bagagem para grupos de forma que as malas sejam deixadas na porta dos quartos;<\/li>\n<li>Kit Covid-19 dispon\u00edvel na rece\u00e7\u00e3o com custo adicional;<\/li>\n<\/ul>\n<h3><strong>Recep\u00e7\u00e3o:<\/strong><\/h3>\n<ul>\n<li>Marcaremos o distanciamento social com marcas no ch\u00e3o em frente \u00e0 recep\u00e7\u00e3o;<\/li>\n<li>Todos os Colaboradores usar\u00e3o m\u00e1scara;<\/li>\n<li>Cada Recepcionista utilizar\u00e1 uma esta\u00e7\u00e3o de trabalho completa e exclusiva e a higienizar\u00e1 ao final de cada plant\u00e3o;<\/li>\n<li>Manteremos desinfetantes dispon\u00edveis para uso dos Clientes;<\/li>\n<li>Ser\u00e1 explicado ao Cliente que s\u00f3 poder\u00e1 aceder ao pequeno-almo\u00e7o quando houver mesa ou local dispon\u00edvel, de forma a evitar aglomera\u00e7\u00f5es;<\/li>\n<li>Solicitaremos ao cliente que privilegie o contacto telef\u00f3nico com todos os servi\u00e7os do Hotel;<\/li>\n<li>Manteremos a preocupa\u00e7\u00e3o e desinfectaremos regularmente o balc\u00e3o de recep\u00e7\u00e3o, TPA&#8217;s, Chaves e outros elementos de contacto regular por parte do Cliente;<\/li>\n<\/ul>\n<h3><strong>Elevadores:<\/strong><\/h3>\n<ul>\n<li>Iremos restringir o n\u00famero de utilizadores simult\u00e2neos nos elevadores e divulg\u00e1-lo de forma vis\u00edvel dentro e fora da cabina<\/li>\n<li>Instalaremos um dispensador de desinfetante para as m\u00e3os em cada elevador;<\/li>\n<\/ul>\n<h3><strong>Quartos:<\/strong><\/h3>\n<ul>\n<li>Sinalizar informa\u00e7\u00e3o sobre a frequ\u00eancia de higieniza\u00e7\u00e3o aplicada nas unidades de alojamento;<\/li>\n<li>Alocar quartos alternadamente (1 em 1 ou 2 em 2) em cada andar;<\/li>\n<li>Todo o Pessoal de Pavimentos e Limpeza utiliza o EPI (equipamento de prote\u00e7\u00e3o individual) previamente definido (m\u00e1scaras, luvas, batas\u2026);<\/li>\n<li>Deixaremos os quartos utilizados em repouso (24h a 48h) antes da limpeza sempre que poss\u00edvel;<\/li>\n<\/ul>\n<h3><strong>Restaurante (Sala \u00c1urea):<\/strong><\/h3>\n<ul>\n<li>A sala de pequenos-almo\u00e7os vai garantir que todos os que nela trabalham e os que a frequentam est\u00e3o cientes da necessidade do cumprimento das normas, correta lavagem das m\u00e3os, etiqueta respirat\u00f3ria, bem como outras medidas de higiene pessoal e ambiental.<\/li>\n<li>Iremos reduzir a lota\u00e7\u00e3o m\u00e1xima da sala de forma a garantir o distanciamento f\u00edsico recomendado (2 metros) entre as pessoas nas instala\u00e7\u00f5es e assegurar o cumprimento da legisla\u00e7\u00e3o em vigor.<\/li>\n<li>Evite que os clientes alterem a orienta\u00e7\u00e3o das mesas e cadeiras.<\/li>\n<li>Disponha, sempre que poss\u00edvel, cadeiras e mesas de forma a garantir uma dist\u00e2ncia de pelo menos 2 metros entre as pessoas.<\/li>\n<li>Remover motivos decorativos nas mesas.<\/li>\n<li>Substituir os menus individuais por menus que n\u00e3o necessitem de ser manipulados pelos clientes ou menus plastificados e desinfetados ap\u00f3s cada utiliza\u00e7\u00e3o.<\/li>\n<li>Garanta uma boa ventila\u00e7\u00e3o e mudan\u00e7as frequentes de ar nas \u00e1reas do restaurante.<\/li>\n<li>Assegurar o cumprimento das medidas previstas no HACCP.<\/li>\n<li>Teremos um gel desinfetante \u00e0 entrada para uso dos Clientes;<\/li>\n<li>Ser\u00e1 explicado ao Cliente que s\u00f3 poder\u00e1 aceder \u00e0 sala de pequenos-almo\u00e7os quando houver mesa ou lugar dispon\u00edvel, de forma a evitar aglomera\u00e7\u00f5es;<\/li>\n<li>Substituiremos \u201cbuffets\u201d por servi\u00e7os \u201cTable d\u2019H\u00f4te\u201d ou \u201c\u00e0 la carte\u201d;<\/li>\n<li>Todos os Colaboradores usar\u00e3o m\u00e1scaras;<\/li>\n<\/ul>\n<p><strong>Estes procedimentos podem ser alterados sempre que necess\u00e1rio ou quando as diretivas da Dire\u00e7\u00e3o-Geral da Sa\u00fade e do Governo da Rep\u00fablica Portuguesa assim o exigirem.<\/strong><\/p>\n\t\t\t\t\t\t\t\t<\/div>\n\t\t\t\t<\/div>\n\t\t\t\t\t<\/div>\n\t\t<\/div>\n\t\t\t\t\t<\/div>\n\t\t<\/section>\n\t\t\t\t<\/div>\n\t\t","protected":false},"excerpt":{"rendered":"<p>Plano de Conting\u00eancia e procedimentos &#8220;Clean &amp; Safe&#8221; O contexto atual relacionado com a crise pand\u00e9mica COVID-19 obrigou-nos a adotar medidas extraordin\u00e1rias em defesa da sa\u00fade p\u00fablica e cumprimento das diretivas da Dire\u00e7\u00e3o-Geral da Sa\u00fade e do Governo da Rep\u00fablica Portuguesa. No The 7 Hotel foi elaborado um plano e cumprimos os procedimentos \u201cClean &amp; [&hellip;]<\/p>\n","protected":false},"author":1,"featured_media":0,"parent":0,"menu_order":25,"comment_status":"closed","ping_status":"closed","template":"","meta":{"site-sidebar-layout":"no-sidebar","site-content-layout":"page-builder","ast-site-content-layout":"default","site-content-style":"default","site-sidebar-style":"default","ast-global-header-display":"","ast-banner-title-visibility":"","ast-main-header-display":"","ast-hfb-above-header-display":"","ast-hfb-below-header-display":"","ast-hfb-mobile-header-display":"","site-post-title":"","ast-breadcrumbs-content":"disabled","ast-featured-img":"","footer-sml-layout":"","ast-disable-related-posts":"","theme-transparent-header-meta":"enabled","adv-header-id-meta":"","stick-header-meta":"default","header-above-stick-meta":"","header-main-stick-meta":"","header-below-stick-meta":"","astra-migrate-meta-layouts":"default","ast-page-background-enabled":"default","ast-page-background-meta":{"desktop":{"background-color":"","background-image":"","background-repeat":"repeat","background-position":"center center","background-size":"auto","background-attachment":"scroll","background-type":"","background-media":"","overlay-type":"","overlay-color":"","overlay-opacity":"","overlay-gradient":""},"tablet":{"background-color":"","background-image":"","background-repeat":"repeat","background-position":"center center","background-size":"auto","background-attachment":"scroll","background-type":"","background-media":"","overlay-type":"","overlay-color":"","overlay-opacity":"","overlay-gradient":""},"mobile":{"background-color":"","background-image":"","background-repeat":"repeat","background-position":"center center","background-size":"auto","background-attachment":"scroll","background-type":"","background-media":"","overlay-type":"","overlay-color":"","overlay-opacity":"","overlay-gradient":""}},"ast-content-background-meta":{"desktop":{"background-color":"var(--ast-global-color-5)","background-image":"","background-repeat":"repeat","background-position":"center center","background-size":"auto","background-attachment":"scroll","background-type":"","background-media":"","overlay-type":"","overlay-color":"","overlay-opacity":"","overlay-gradient":""},"tablet":{"background-color":"var(--ast-global-color-5)","background-image":"","background-repeat":"repeat","background-position":"center center","background-size":"auto","background-attachment":"scroll","background-type":"","background-media":"","overlay-type":"","overlay-color":"","overlay-opacity":"","overlay-gradient":""},"mobile":{"background-color":"var(--ast-global-color-5)","background-image":"","background-repeat":"repeat","background-position":"center center","background-size":"auto","background-attachment":"scroll","background-type":"","background-media":"","overlay-type":"","overlay-color":"","overlay-opacity":"","overlay-gradient":""}},"_joinchat":[],"footnotes":""},"class_list":["post-4165","page","type-page","status-publish","hentry"],"aioseo_notices":[],"_links":{"self":[{"href":"https:\/\/the7hotel.com\/pt-pt\/wp-json\/wp\/v2\/pages\/4165","targetHints":{"allow":["GET"]}}],"collection":[{"href":"https:\/\/the7hotel.com\/pt-pt\/wp-json\/wp\/v2\/pages"}],"about":[{"href":"https:\/\/the7hotel.com\/pt-pt\/wp-json\/wp\/v2\/types\/page"}],"author":[{"embeddable":true,"href":"https:\/\/the7hotel.com\/pt-pt\/wp-json\/wp\/v2\/users\/1"}],"replies":[{"embeddable":true,"href":"https:\/\/the7hotel.com\/pt-pt\/wp-json\/wp\/v2\/comments?post=4165"}],"version-history":[{"count":0,"href":"https:\/\/the7hotel.com\/pt-pt\/wp-json\/wp\/v2\/pages\/4165\/revisions"}],"wp:attachment":[{"href":"https:\/\/the7hotel.com\/pt-pt\/wp-json\/wp\/v2\/media?parent=4165"}],"curies":[{"name":"wp","href":"https:\/\/api.w.org\/{rel}","templated":true}]}}